{"id":3892,"date":"2023-04-13T16:02:12","date_gmt":"2023-04-13T16:02:12","guid":{"rendered":"https:\/\/premium.roitiv.com\/?page_id=3892"},"modified":"2023-05-10T09:17:35","modified_gmt":"2023-05-10T09:17:35","slug":"vecorite-e-banesave","status":"publish","type":"page","link":"https:\/\/premiumresidence.mk\/mk\/vecorite-e-banesave\/","title":{"rendered":"\u041a\u0430\u0440\u0430\u043a\u0442\u0435\u0440\u0438\u0441\u0442\u0438\u043a\u0438 \u043d\u0430 \u0430\u043f\u0430\u0440\u0442\u043c\u0430\u043d\u0438\u0442\u0435"},"content":{"rendered":"<div data-elementor-type=\"wp-page\" data-elementor-id=\"3892\" class=\"elementor elementor-3892\" data-elementor-post-type=\"page\">\n\t\t\t\t<div class=\"elementor-element elementor-element-61e21a11 e-flex e-con-boxed e-con e-parent\" data-id=\"61e21a11\" data-element_type=\"container\" data-settings=\"{&quot;background_background&quot;:&quot;classic&quot;}\">\n\t\t\t\t\t<div class=\"e-con-inner\">\n\t\t\t\t\t<\/div>\n\t\t\t\t<\/div>\n\t\t<div class=\"elementor-element elementor-element-9a068b3 e-con-full e-flex e-con e-parent\" data-id=\"9a068b3\" data-element_type=\"container\">\n\t\t<div class=\"elementor-element elementor-element-a82fa6b e-con-full e-flex e-con e-parent\" data-id=\"a82fa6b\" data-element_type=\"container\" data-settings=\"{&quot;background_background&quot;:&quot;classic&quot;}\">\n\t\t\t\t<div class=\"elementor-element elementor-element-b7313f0 elementor-widget elementor-widget-heading\" data-id=\"b7313f0\" data-element_type=\"widget\" data-widget_type=\"heading.default\">\n\t\t\t\t<div class=\"elementor-widget-container\">\n\t\t\t\t\t<h2 class=\"elementor-heading-title elementor-size-default\">\u041a\u0412\u0410\u041b\u0418\u0422\u0415\u0422 \u0421\u041e \u0420\u0415\u041f\u0423\u0422\u0410\u0426\u0418\u0408\u0410\n<\/h2>\t\t\t\t<\/div>\n\t\t\t\t<\/div>\n\t\t\t\t<div class=\"elementor-element elementor-element-5472569 elementor-widget elementor-widget-text-editor\" data-id=\"5472569\" data-element_type=\"widget\" data-widget_type=\"text-editor.default\">\n\t\t\t\t<div class=\"elementor-widget-container\">\n\t\t\t\t\t\t\t\t\t\u041f\u0440\u0435\u043c\u0438\u0443\u043c \u0420\u0435\u0437\u0438\u0434\u0435\u043d\u0441 \u0435 \u0438\u0437\u0433\u0440\u0430\u0434\u0435\u043d \u043f\u043e \u043d\u0430\u0458\u0432\u0438\u0441\u043e\u043a\u0438\u0442\u0435 \u0435\u0432\u0440\u043e\u043f\u0441\u043a\u0438 \u0441\u0442\u0430\u043d\u0434\u0430\u0440\u0434\u0438 \u0437\u0430 \u043a\u0432\u0430\u043b\u0438\u0442\u0435\u0442, \u0430 \u0441\u0438\u0442\u0435 \u043c\u0430\u0442\u0435\u0440\u0438\u0458\u0430\u043b\u0438 \u043a\u043e\u0438 \u0441\u0435 \u0434\u0435\u043b \u043e\u0434 \u0433\u0440\u0430\u0434\u0431\u0430\u0442\u0430 \u0441\u0435 \u0434\u0435\u043b \u043e\u0434 \u0440\u0435\u043d\u043e\u043c\u0438\u0440\u0430\u043d\u0438 \u0431\u0440\u0435\u043d\u0434\u043e\u0432\u0438. \u041f\u043b\u043e\u0447\u043a\u0438\u0442\u0435 \u043a\u043e\u0438 \u0441\u0435 \u0441\u043c\u0435\u0441\u0442\u0435\u043d\u0438 \u0432\u043e \u0441\u0435\u043a\u043e\u0458 \u0441\u0442\u0430\u043d \u0441\u0435 \u0434\u0435\u043b \u043e\u0434 \u0440\u0435\u043d\u043e\u043c\u0438\u0440\u0430\u043d\u0438\u043e\u0442 \u0438\u0442\u0430\u043b\u0438\u0458\u0430\u043d\u0441\u043a\u0438 \u0431\u0440\u0435\u043d\u0434 Marazzi \u041f\u0440\u043e\u0437\u043e\u0440\u0446\u0438\u0442\u0435 \u0432\u043e \u0441\u0435\u043a\u043e\u0458 \u0441\u0442\u0430\u043d \u043d\u0443\u0434\u0430\u0442 \u0432\u0438\u0441\u043e\u043a\u0430 \u0438\u0437\u043e\u043b\u0430\u0446\u0438\u0458\u0430, \u0430 \u043d\u0438\u0432\u043d\u0438\u043e\u0442 \u043a\u0432\u0430\u043b\u0438\u0442\u0435\u0442 \u0433\u043e \u0433\u0430\u0440\u0430\u043d\u0442\u0438\u0440\u0430 \u0433\u0435\u0440\u043c\u0430\u043d\u0441\u043a\u0438\u043e\u0442 \u0431\u0440\u0435\u043d\u0434 Rehau \u0413\u0440\u0435\u0435\u045a\u0435\u0442\u043e \u043d\u0430 \u043f\u043e\u0434\u043e\u0442 \u0435 3 \u043f\u0430\u0442\u0438 \u043f\u043e\u0433\u0443\u0441\u0442\u043e \u043e\u0434 \u0441\u0442\u0430\u043d\u0434\u0430\u0440\u0434\u043d\u0438\u0442\u0435 \u0438\u043d\u0441\u0442\u0430\u043b\u0430\u0446\u0438\u0438, \u0437\u0430 \u043f\u043e\u0431\u0440\u0437\u043e \u0437\u0430\u0433\u0440\u0435\u0432\u0430\u045a\u0435 \u043f\u0440\u0438 \u0437\u0438\u043c\u0441\u043a\u0438\u0442\u0435 \u043c\u0435\u0441\u0435\u0446\u0438. \u041b\u0430\u043c\u0438\u043d\u0430\u0442\u043e\u0442 \u0448\u0442\u043e \u0441\u0435 \u043a\u043e\u0440\u0438\u0441\u0442\u0438 \u0435 \u043f\u0440\u043e\u0438\u0437\u0432\u0435\u0434\u0435\u043d \u0432\u043e \u0413\u0435\u0440\u043c\u0430\u043d\u0438\u0458\u0430 \u0438 \u0438\u043c\u0430 \u0432\u0438\u0441\u043e\u043a\u0438 \u043e\u0446\u0435\u043d\u043a\u0438 \u043d\u0430 \u0438\u0437\u0434\u0440\u0436\u043b\u0438\u0432\u043e\u0441\u0442. \u0424\u0430\u0441\u0430\u0434\u0430\u0442\u0430 \u0435 \u0434\u0435\u0431\u0435\u043b\u0430 10 cm \u0438 \u043c\u0430\u0442\u0435\u0440\u0438\u0458\u0430\u043b Putz Plast\/\u0432\u043d\u0430\u0442\u0440\u0435\t\t\t\t\t\t\t\t<\/div>\n\t\t\t\t<\/div>\n\t\t\t\t<\/div>\n\t\t<div class=\"elementor-element elementor-element-0cafd3d e-con-full e-flex e-con e-parent\" data-id=\"0cafd3d\" data-element_type=\"container\" data-settings=\"{&quot;background_background&quot;:&quot;classic&quot;}\">\n\t\t\t\t<div class=\"elementor-element elementor-element-d0ba111 elementor-widget elementor-widget-spacer\" data-id=\"d0ba111\" data-element_type=\"widget\" data-widget_type=\"spacer.default\">\n\t\t\t\t<div class=\"elementor-widget-container\">\n\t\t\t\t\t\t\t<div class=\"elementor-spacer\">\n\t\t\t<div class=\"elementor-spacer-inner\"><\/div>\n\t\t<\/div>\n\t\t\t\t\t\t<\/div>\n\t\t\t\t<\/div>\n\t\t\t\t<\/div>\n\t\t\t\t<\/div>\n\t\t\t\t<\/div>","protected":false},"excerpt":{"rendered":"<p>CIL\u00cbSI ME REPUTACION Premium Residence \u00ebsht\u00eb nd\u00ebrtuar sipas standardeve m\u00eb t\u00eb larta evropiane p\u00ebr cil\u00ebsi, me \u00e7rast t\u00eb gjith\u00eb materialet q\u00eb jan\u00eb pjes\u00eb e konstruksionit jan\u00eb pjes\u00eb e brendeve me renome. Pllakat t\u00eb cilat jan\u00eb t\u00eb vendosura n\u00eb \u00e7do banes\u00eb jan\u00eb pjes\u00eb e brendit Italian me renome Marazzi Dritaret n\u00eb \u00e7do banes\u00eb ofrojn\u00eb izolim t\u00eb [&hellip;]<\/p>","protected":false},"author":1,"featured_media":0,"parent":0,"menu_order":0,"comment_status":"closed","ping_status":"closed","template":"","meta":{"footnotes":""},"class_list":["post-3892","page","type-page","status-publish","hentry"],"yoast_head":"<!-- This site is optimized with the Yoast SEO plugin v25.2 - https:\/\/yoast.com\/wordpress\/plugins\/seo\/ -->\n<title>Ve\u00e7orit\u00eb e Banesave - Premium Residence<\/title>\n<meta name=\"robots\" content=\"index, follow, max-snippet:-1, max-image-preview:large, max-video-preview:-1\" \/>\n<link rel=\"canonical\" href=\"https:\/\/premiumresidence.mk\/mk\/vecorite-e-banesave\/\" \/>\n<meta property=\"og:locale\" content=\"mk_MK\" \/>\n<meta property=\"og:type\" content=\"article\" \/>\n<meta property=\"og:title\" content=\"Ve\u00e7orit\u00eb e Banesave - Premium Residence\" \/>\n<meta property=\"og:description\" content=\"CIL\u00cbSI ME REPUTACION Premium Residence \u00ebsht\u00eb nd\u00ebrtuar sipas standardeve m\u00eb t\u00eb larta evropiane p\u00ebr cil\u00ebsi, me \u00e7rast t\u00eb gjith\u00eb materialet q\u00eb jan\u00eb pjes\u00eb e konstruksionit jan\u00eb pjes\u00eb e brendeve me renome. Pllakat t\u00eb cilat jan\u00eb t\u00eb vendosura n\u00eb \u00e7do banes\u00eb jan\u00eb pjes\u00eb e brendit Italian me renome Marazzi Dritaret n\u00eb \u00e7do banes\u00eb ofrojn\u00eb izolim t\u00eb [&hellip;]\" \/>\n<meta property=\"og:url\" content=\"https:\/\/premiumresidence.mk\/mk\/vecorite-e-banesave\/\" \/>\n<meta property=\"og:site_name\" content=\"Premium Residence\" \/>\n<meta property=\"article:modified_time\" content=\"2023-05-10T09:17:35+00:00\" \/>\n<meta name=\"twitter:card\" content=\"summary_large_image\" \/>\n<meta name=\"twitter:label1\" content=\"Est. reading time\" \/>\n\t<meta name=\"twitter:data1\" content=\"1 \u043c\u0438\u043d\u0443\u0442\u0430\" \/>\n<script type=\"application\/ld+json\" class=\"yoast-schema-graph\">{\"@context\":\"https:\/\/schema.org\",\"@graph\":[{\"@type\":\"WebPage\",\"@id\":\"https:\/\/premiumresidence.mk\/al\/vecorite-e-banesave\/\",\"url\":\"https:\/\/premiumresidence.mk\/al\/vecorite-e-banesave\/\",\"name\":\"Ve\u00e7orit\u00eb e Banesave - Premium Residence\",\"isPartOf\":{\"@id\":\"https:\/\/premiumresidence.mk\/al\/#website\"},\"datePublished\":\"2023-04-13T16:02:12+00:00\",\"dateModified\":\"2023-05-10T09:17:35+00:00\",\"breadcrumb\":{\"@id\":\"https:\/\/premiumresidence.mk\/al\/vecorite-e-banesave\/#breadcrumb\"},\"inLanguage\":\"mk-MK\",\"potentialAction\":[{\"@type\":\"ReadAction\",\"target\":[\"https:\/\/premiumresidence.mk\/al\/vecorite-e-banesave\/\"]}]},{\"@type\":\"BreadcrumbList\",\"@id\":\"https:\/\/premiumresidence.mk\/al\/vecorite-e-banesave\/#breadcrumb\",\"itemListElement\":[{\"@type\":\"ListItem\",\"position\":1,\"name\":\"Ballina\",\"item\":\"https:\/\/premiumresidence.mk\/\"},{\"@type\":\"ListItem\",\"position\":2,\"name\":\"Ve\u00e7orit\u00eb e Banesave\"}]},{\"@type\":\"WebSite\",\"@id\":\"https:\/\/premiumresidence.mk\/al\/#website\",\"url\":\"https:\/\/premiumresidence.mk\/al\/\",\"name\":\"Premium Residence\",\"description\":\"Kompleks prestigjoz\",\"publisher\":{\"@id\":\"https:\/\/premiumresidence.mk\/al\/#organization\"},\"potentialAction\":[{\"@type\":\"SearchAction\",\"target\":{\"@type\":\"EntryPoint\",\"urlTemplate\":\"https:\/\/premiumresidence.mk\/al\/?s={search_term_string}\"},\"query-input\":{\"@type\":\"PropertyValueSpecification\",\"valueRequired\":true,\"valueName\":\"search_term_string\"}}],\"inLanguage\":\"mk-MK\"},{\"@type\":\"Organization\",\"@id\":\"https:\/\/premiumresidence.mk\/al\/#organization\",\"name\":\"Premium Residence\",\"url\":\"https:\/\/premiumresidence.mk\/al\/\",\"logo\":{\"@type\":\"ImageObject\",\"inLanguage\":\"mk-MK\",\"@id\":\"https:\/\/premiumresidence.mk\/al\/#\/schema\/logo\/image\/\",\"url\":\"https:\/\/premiumresidence.mk\/wp-content\/uploads\/2023\/03\/cropped-cropped-Untitled-2-01-1.png\",\"contentUrl\":\"https:\/\/premiumresidence.mk\/wp-content\/uploads\/2023\/03\/cropped-cropped-Untitled-2-01-1.png\",\"width\":511,\"height\":233,\"caption\":\"Premium Residence\"},\"image\":{\"@id\":\"https:\/\/premiumresidence.mk\/al\/#\/schema\/logo\/image\/\"}}]}<\/script>\n<!-- \/ Yoast SEO plugin. -->","yoast_head_json":{"title":"Ve\u00e7orit\u00eb e Banesave - Premium Residence","robots":{"index":"index","follow":"follow","max-snippet":"max-snippet:-1","max-image-preview":"max-image-preview:large","max-video-preview":"max-video-preview:-1"},"canonical":"https:\/\/premiumresidence.mk\/mk\/vecorite-e-banesave\/","og_locale":"mk_MK","og_type":"article","og_title":"Ve\u00e7orit\u00eb e Banesave - Premium Residence","og_description":"CIL\u00cbSI ME REPUTACION Premium Residence \u00ebsht\u00eb nd\u00ebrtuar sipas standardeve m\u00eb t\u00eb larta evropiane p\u00ebr cil\u00ebsi, me \u00e7rast t\u00eb gjith\u00eb materialet q\u00eb jan\u00eb pjes\u00eb e konstruksionit jan\u00eb pjes\u00eb e brendeve me renome. Pllakat t\u00eb cilat jan\u00eb t\u00eb vendosura n\u00eb \u00e7do banes\u00eb jan\u00eb pjes\u00eb e brendit Italian me renome Marazzi Dritaret n\u00eb \u00e7do banes\u00eb ofrojn\u00eb izolim t\u00eb [&hellip;]","og_url":"https:\/\/premiumresidence.mk\/mk\/vecorite-e-banesave\/","og_site_name":"Premium Residence","article_modified_time":"2023-05-10T09:17:35+00:00","twitter_card":"summary_large_image","twitter_misc":{"Est. reading time":"1 \u043c\u0438\u043d\u0443\u0442\u0430"},"schema":{"@context":"https:\/\/schema.org","@graph":[{"@type":"WebPage","@id":"https:\/\/premiumresidence.mk\/al\/vecorite-e-banesave\/","url":"https:\/\/premiumresidence.mk\/al\/vecorite-e-banesave\/","name":"Ve\u00e7orit\u00eb e Banesave - Premium Residence","isPartOf":{"@id":"https:\/\/premiumresidence.mk\/al\/#website"},"datePublished":"2023-04-13T16:02:12+00:00","dateModified":"2023-05-10T09:17:35+00:00","breadcrumb":{"@id":"https:\/\/premiumresidence.mk\/al\/vecorite-e-banesave\/#breadcrumb"},"inLanguage":"mk-MK","potentialAction":[{"@type":"ReadAction","target":["https:\/\/premiumresidence.mk\/al\/vecorite-e-banesave\/"]}]},{"@type":"BreadcrumbList","@id":"https:\/\/premiumresidence.mk\/al\/vecorite-e-banesave\/#breadcrumb","itemListElement":[{"@type":"ListItem","position":1,"name":"Ballina","item":"https:\/\/premiumresidence.mk\/"},{"@type":"ListItem","position":2,"name":"Ve\u00e7orit\u00eb e Banesave"}]},{"@type":"WebSite","@id":"https:\/\/premiumresidence.mk\/al\/#website","url":"https:\/\/premiumresidence.mk\/al\/","name":"Premium Residence","description":"Kompleks prestigjoz","publisher":{"@id":"https:\/\/premiumresidence.mk\/al\/#organization"},"potentialAction":[{"@type":"SearchAction","target":{"@type":"EntryPoint","urlTemplate":"https:\/\/premiumresidence.mk\/al\/?s={search_term_string}"},"query-input":{"@type":"PropertyValueSpecification","valueRequired":true,"valueName":"search_term_string"}}],"inLanguage":"mk-MK"},{"@type":"Organization","@id":"https:\/\/premiumresidence.mk\/al\/#organization","name":"Premium Residence","url":"https:\/\/premiumresidence.mk\/al\/","logo":{"@type":"ImageObject","inLanguage":"mk-MK","@id":"https:\/\/premiumresidence.mk\/al\/#\/schema\/logo\/image\/","url":"https:\/\/premiumresidence.mk\/wp-content\/uploads\/2023\/03\/cropped-cropped-Untitled-2-01-1.png","contentUrl":"https:\/\/premiumresidence.mk\/wp-content\/uploads\/2023\/03\/cropped-cropped-Untitled-2-01-1.png","width":511,"height":233,"caption":"Premium Residence"},"image":{"@id":"https:\/\/premiumresidence.mk\/al\/#\/schema\/logo\/image\/"}}]}},"_links":{"self":[{"href":"https:\/\/premiumresidence.mk\/mk\/wp-json\/wp\/v2\/pages\/3892","targetHints":{"allow":["GET"]}}],"collection":[{"href":"https:\/\/premiumresidence.mk\/mk\/wp-json\/wp\/v2\/pages"}],"about":[{"href":"https:\/\/premiumresidence.mk\/mk\/wp-json\/wp\/v2\/types\/page"}],"author":[{"embeddable":true,"href":"https:\/\/premiumresidence.mk\/mk\/wp-json\/wp\/v2\/users\/1"}],"replies":[{"embeddable":true,"href":"https:\/\/premiumresidence.mk\/mk\/wp-json\/wp\/v2\/comments?post=3892"}],"version-history":[{"count":43,"href":"https:\/\/premiumresidence.mk\/mk\/wp-json\/wp\/v2\/pages\/3892\/revisions"}],"predecessor-version":[{"id":5769,"href":"https:\/\/premiumresidence.mk\/mk\/wp-json\/wp\/v2\/pages\/3892\/revisions\/5769"}],"wp:attachment":[{"href":"https:\/\/premiumresidence.mk\/mk\/wp-json\/wp\/v2\/media?parent=3892"}],"curies":[{"name":"wp","href":"https:\/\/api.w.org\/{rel}","templated":true}]}}