{"id":2290,"date":"2023-03-24T13:14:48","date_gmt":"2023-03-24T13:14:48","guid":{"rendered":"https:\/\/premium.roitiv.com\/?page_id=2290"},"modified":"2023-05-26T09:01:12","modified_gmt":"2023-05-26T09:01:12","slug":"afarzimi","status":"publish","type":"page","link":"https:\/\/premiumresidence.mk\/al\/afarzimi\/","title":{"rendered":"AFARZIMI"},"content":{"rendered":"\t\t<div data-elementor-type=\"wp-page\" data-elementor-id=\"2290\" class=\"elementor elementor-2290\" data-elementor-post-type=\"page\">\n\t\t\t\t<div class=\"elementor-element elementor-element-43b2d56 e-con-full e-flex e-con e-parent\" data-id=\"43b2d56\" data-element_type=\"container\">\n\t\t\t\t<div class=\"elementor-element elementor-element-f4ea5d0 elementor-widget elementor-widget-html\" data-id=\"f4ea5d0\" data-element_type=\"widget\" data-widget_type=\"html.default\">\n\t\t\t\t<div class=\"elementor-widget-container\">\n\t\t\t\t\t<!DOCTYPE html>\r\n<html lang=\"en\">\r\n  <head>\r\n    <meta charset=\"UTF-8\" \/>\r\n    <meta http-equiv=\"X-UA-Compatible\" content=\"IE=edge\" \/>\r\n    <meta name=\"viewport\" content=\"width=device-width, initial-scale=1.0\" \/>\r\n    <title>Document<\/title>\r\n  <\/head>\r\n  <style>\r\n    .st3 {\r\n      fill: #61ce70;\r\n     stroke: white;\r\n      stroke-miterlimit: 20;\r\n      cursor: pointer;\r\n      outline: none;\r\n      transition: all 0.4s ease 0s;\r\n      opacity: 0.5;\r\n\r\n      justify-content: center;\r\n      align-items: center;\r\n      display: flex;\r\n      width: 100%;\r\n      position: relative;\r\n    }\r\n\r\n    .st3:hover {\r\n      fill:  #f0b06b;\r\n    }\r\n<\/style>\r\n    <?xml version=\"1.0\" encoding=\"utf-8\"?>\r\n<!-- Generator: Adobe Illustrator 26.0.1, SVG Export Plug-In . SVG Version: 6.00 Build 0)  -->\r\n<svg version=\"1.1\" id=\"Layer_1\" xmlns=\"http:\/\/www.w3.org\/2000\/svg\" xmlns:xlink=\"http:\/\/www.w3.org\/1999\/xlink\" x=\"0px\" y=\"0px\"\r\n\t viewBox=\"0 0 1920 1080\" style=\"enable-background:new 0 0 1920 1080;\" xml:space=\"preserve\">\t\r\n<image style=\"overflow:visible;\" width=\"4000\" height=\"2250\" xlink:href=\"http:\/\/premium.roitiv.com\/wp-content\/uploads\/2023\/03\/premier-selektim3-01.jpg\"  transform=\"matrix(0.48 0 0 0.48 0 0)\">\r\n<\/image>\r\n<g class=\"st0\">\r\n\t<polygon class=\"st3\" points=\"656.8,645 788.5,645.4 788.7,822.5 732.6,822.5 729.9,816.2 734.5,808.6 728.3,808.4 724.8,815.3 \r\n\t\t721.2,815.5 720.9,808.2 721.3,769.9 758.2,770 758.8,763.5 711.9,748.5 703.7,750.4 691,745.4 687.6,745.7 656.8,755.7 \t\"\/>\r\n\t<polygon class=\"st3\" points=\"656.8,769.4 657.2,822.5 667.2,822.7 669.6,820.1 676,821.1 676,820.1 675.1,818.5 671.7,817.8 \r\n\t\t671.8,814.2 671.6,813.2 670.7,812.9 670.4,811.4 670.8,810.4 678.6,810.3 681.7,817.4 685,817.5 683.9,811.1 719.3,808.3 \r\n\t\t719.3,769.4 687,769.4 \t\"\/>\r\n<\/g>\r\n<polygon class=\"st3\" points=\"788.7,608.2 1122.3,570.2 1126.8,714.7 788.7,729.5 \"\/>\r\n<polygon class=\"st3\" points=\"1531,712.5 1531,578.1 1501,578.1 1491.3,544.7 1340.5,544.7 1122.3,570.2 1126.8,714.7 \"\/>\r\n<path class=\"st3\" d=\"M788.7,729.5v100h24l-5.3-7l1.7-8.1l1.7-2.8l1.9-3l0.9-4.5l3.2-2.5c0,0,1.9-0.9,2.5-0.9c0.6,0,1.8,1,1.8,1\r\n\tl1.6,1c0,0,1.7,1.5,1.6,1.8c0,0.3-0.4,1.4-0.4,1.4l0.9,1.2l0.4,0.5l3.4,3.1l0.3-1.1l1.3,0.8l-1-2l0.3-0.5l1.1,0.2l0.9,0.1\r\n\tc0,0,0.4,1.3,0.4,1.4c0,0.1,0,0.7,0,0.7l0.5,0.2c0,0-0.2-0.5,0-0.7c0.2-0.3,0.8-0.5,0.8-0.5l0.2,0.4c0,0-0.1,0.6-0.2,0.8\r\n\ts-0.2,0.7-0.2,0.9c0,0.2,0.3,1.2,0.3,1.2s0.4,0.6,0.5,0.9s0.7,1,0.7,1s1,0.9,1.2,1.3c0.1,0.4,0.3,0.7,0.5,1s0.8,0.8,0.8,0.8l4.6-0.9\r\n\tl-0.7-10.2l1.8-1.4l1.1,1.3c0,0-0.3,5.2,0.9,9.1v1.5l3.4,0.4l-0.9-10.3h1.7l0.4,1.9l1.5-0.7l1.7,0.9v1.2l0.9,0.6l-1.2,0.6\r\n\tc0,0-0.7,0.9-0.7,1.1c0,0.1-0.1,1.7-0.1,2c0,0.2-0.2,2.2,0,2.6c0.3,0.4,1,2,1,2l1.4,0.6l0.9,0.2c0,0,0.7-0.2,0.3-1.6\r\n\tc-0.4-1.4-0.8-1.9-0.8-2.9s0.1-2.4,0.1-2.4l1.3-0.6c0,0,0.7-0.3,1.7,0.2c1.1,0.5,1.4,0.9,1.8,1.3c0.4,0.4,0.9,0.8,0.9,0.8l0.6-1.4\r\n\tl-0.1-2l-0.5-1.7c0,0-0.7-1.2-0.7-1.3s-0.1-1.4-0.1-1.4l0.6-0.6l2.2-0.5c0,0-0.5,0.6,0,1c0.5,0.5,0.8,0.6,0.8,1.2s-0.2,1.4-0.2,1.4\r\n\tl-0.4,1.9l0.2,2.1l0.3,1l0.8,1.2l72.7,1.4c0,0,0.3-15.3,3.5-17.9l0.3-1l-2.1-0.3c0,0-0.9-0.3-0.9-0.5c0-0.2,0.3-0.8,0.3-0.8l0.1-0.2\r\n\tl-0.3-0.3l-0.3-0.8l0.2-0.7c0,0,0.2-0.3,0.1-0.3s-1.7-0.1-1.7-0.1l0.7-0.8l0.4-0.6c0.3-0.3,0.3-1,0.3-1l-0.2-1.2l0.3-1.4l-0.1-1.5\r\n\tl1.5-1.1c0,0,1.5-1.4,2-1.6c0.5-0.1,3,0,3,0l1.3,0.4l0.5,0.8l1.3,1.9l1.3,1l0.1,2.1l0.5,1.4c0,0-0.2,1.5-0.2,1.7c0,0.3,0.1,1,0.1,1\r\n\ts3.5,2.1,5.7,5.7c0,0,2,5,0,11.7c0,0-0.7,0.4-0.8,3.2s0,2.8,0,2.8l91.5-1.2l14.7,1.1l9.2-1l4.3-3.4l4.4-1.6l-5-5.8l-5.7-4.1\r\n\tl-4.4-5.2l15,9.1l4.3,3.7c0,0-4.1-6.2-4.7-8.1c-0.6-1.8-2.4-6.4-2.4-6.4l0.4-2.4l5.5,6.1l2.7,6.7v-7.1l-1.6-5l5,0.4\r\n\tc0,0,2.1,5.7,2.8,6.5c0.7,0.9,3.1,2.7,3.1,2.7l-6.5-11.1l-0.7-3.8l2.8-2.6c0,0,3.3,0.3,5.4,4.7s1.4,3.8,2.6,6.2c1.1,2.4,2.3,4,2.3,4\r\n\tl28.5-8.2v-78.2L788.7,729.5z\"\/>\r\n<path class=\"st3\" d=\"M1534.4,832.9h-6.6l-1.7,2.5l-33.3-1.2v-3.5l-9.8,0.9l2.3-3.2l-4-1.1h-6.2h-9.4l-1.3,1.3l-17.8-0.6l2.3-7.9\r\n\th-6.6l-28.5-1.1c0,0-2.7-7.9-4.5-9.4c-1.8-1.5-3.3-0.3-3.9-1c-0.7-0.7-1-1.2-0.6-1.6c0.4-0.4,0.9-1.2,1-2.1c0.1-0.9,0.1-1.3,0.4-1.7\r\n\tc0.2-0.3,0.8-0.1,0.8-0.1s0.2-1.5,0.2-2.6c0-1.1,0.8,0.2-0.4-3c-1.2-3.2-0.6-1.7-1.6-3.8c-0.9-2-3.6-2-3.6-2s-1.2,0.1-2.1,0.4\r\n\ts-1.9,0.5-2.4,0.9c-0.5,0.4-1.3,0.6-1.7,1.5c-0.5,0.9-1,1.7-1.3,2.4c-0.2,0.6-0.9,1.6-0.9,2.3s-0.3,2.4-0.3,2.4s-1.1,4.6-1.2,5.1\r\n\tc-0.1,0.5-0.5,1-0.3,1.4c0.2,0.5-0.2,0.9-0.4,1.1s-1.6,0.7-1.8,0.9c-0.2,0.1-2.3,1.3-2.4,1.3c-0.1,0,0.4,0.6-0.5,1.1\r\n\tc-0.9,0.5-1.9,1-1.9,1s-1.2,1.7-1.4,2.2c-0.3,0.5-1.9,1.8-2.3,2.3c-0.4,0.5-1.5,1.7-1.7,2.1c-0.2,0.4-0.8,1.4-0.7,1.8\r\n\tc0.1,0.4,0.6,15,0.6,15s-0.3,2.2-0.6,2.5c-0.3,0.3-1.8,2-1.8,2l-4.7,1.8l-5.5,0.7h-4.7l-3.8,0.5c0,0-1.9,0.3-1.5,0s1.2-3,1.3-3.3\r\n\ts0-3.1,0.1-3.6c0.1-0.5-0.6-3.8-0.6-4.3s-0.7-2.2-0.5-2.9s1.3-0.6,1.3-0.6l1.8,2c0,0,0.3,0.5,0.9,0.5c0.7,0,1.4,0,2.2-0.4\r\n\tc0.8-0.4,1.2-0.8,1.5-1.7s0.6-1.4,0.7-1.7c0.1-0.3,0.1-1.1,0.5-2.1s-0.1-0.9,0.5-1.8s0.9-2.6,0.9-2.6l-2.2-2.2l-3,0.9l-0.3,0.8\r\n\tc0,0-0.6,0-0.6-0.9s0.3-3.3,0.4-3.8c0.1-0.5-0.2-2.9-0.1-3.9c0.1-0.9-0.1-3.2-0.1-3.5s0-2.2,0-2.2l-0.9-1l-3.3-0.7l-0.6-0.6\r\n\tc0,0-0.9-1.2,0-1.4c0.9-0.2,1.6-0.2,1.6-0.2s0.3,0.9,0.5-0.3s0.1-1.9,0-2.2c-0.1-0.3-1.1,0-0.1-0.3c1-0.3,1.7-0.1,1.7-0.1\r\n\ts0.5-0.7,0.6-0.9s-0.3-1.1-0.3-1.4s-0.3-1.1-0.3-1.1l-0.1-0.6l1.1-1.5c0,0,0.1-2.1,0.1-2.5c0-0.4-1.5-2.2-1.5-2.2s-2.8-1-3.1-1.1\r\n\ts-1.3-0.4-1.8-0.7s-1.3-0.7-1.3-0.7s-1.2-0.6-2.6,0c-1.3,0.6-3,1.1-3.2,1.6c-0.2,0.5-0.5,0-1,1.5c-0.6,1.5-1.5,2.2-1.8,3.1\r\n\ts-0.8,1.2-1,2.6c-0.3,1.4-0.9,2.8-0.9,2.8l-2.9,3.6l-1.2,0.9c0,0-1.9,1.8-2.6,2.6c-0.7,0.8-1.3,1.2-1.8,2.2\r\n\tc-0.5,0.9-1.2,1.9-1.3,2.6s0.1-0.1-0.5,2s-0.4,1.6-1.3,3.5c-0.9,1.9-3.3,5.5-3.3,5.5s-0.8,1-1.5,1.8s-1.3,1-2,2l-52.9-2.2l1.7-4.3\r\n\tc0,0-2.6-8.3-3.4-9.1c-0.8-0.8-6-6.2-6-6.2l-4.7-4.5l-4-4.7l-11-0.6c0,0-2.6-5.8-3-6.9c-0.4-1.1-3.6-4.9-4.2-5.4\r\n\tc-0.6-0.6-7-4.9-7-4.9l-7.7-2.5c0,0-1.1-4.9-1.3-6.4c-0.2-1.5-2.6-6.8-2.6-6.8v-1.7l-1.9-2.6l-2.1,0.9l-3.6,4.7l-3.2,3.2l-4.9-1.3\r\n\tl-1.1-2.3l-4.5,1.5l0.2,2.8c0,0-6.6-0.9-7.6-1.1c-0.9-0.2-7-1.3-7.6-0.4s-3,2.8-3,2.8s-2.3,0.6-2.8-1.5s-1.5-4.7-1.5-4.7l-2.5-2.1\r\n\tl-4.7,0.9l-3.2,0.8c0,0-1.9-3.8-2.5-0.2c-0.6,3.6-1.1,6-1.1,6s-2.6,1.5-3.2,0.8c-0.6-0.8-3-4.5-3-4.5s-0.6-2.3-1.3,0\r\n\tc-0.8,2.3-3.2,6-3.2,6l4.5,6.4c0,0,0.4,1.7-3.4,3.4s-9.3,2.1-9.8,3c-0.6,0.9-2.3,2.8-2.3,2.8s-6.6,2.1-7,3s-1.3,2.3-1.3,2.3\r\n\tl-3.4,2.6v-78.2l404.2-2.3L1534.4,832.9z\"\/>\r\n<polygon class=\"st3\" points=\"1531,578.1 1920,429.6 1920,670 1531,712.5 \"\/>\r\n<polygon class=\"st3\" points=\"1920,670 1920,887.1 1531,839.5 1531,712.5 \"\/>\r\n<\/svg>\r\n<\/body>\r\n<\/html>  \t\t\t\t<\/div>\n\t\t\t\t<\/div>\n\t\t\t\t<\/div>\n\t\t<div class=\"elementor-element elementor-element-dd8149c e-flex e-con-boxed e-con e-parent\" data-id=\"dd8149c\" data-element_type=\"container\">\n\t\t\t\t\t<div class=\"e-con-inner\">\n\t\t<div class=\"elementor-element elementor-element-fff89ac e-con-full e-flex e-con e-parent\" data-id=\"fff89ac\" data-element_type=\"container\">\n\t\t\t\t<div class=\"elementor-element elementor-element-deeaf98 elementor-widget elementor-widget-heading\" data-id=\"deeaf98\" data-element_type=\"widget\" data-widget_type=\"heading.default\">\n\t\t\t\t<div class=\"elementor-widget-container\">\n\t\t\t\t\t<h2 class=\"elementor-heading-title elementor-size-default\">Zgjedh lokalin<\/h2>\t\t\t\t<\/div>\n\t\t\t\t<\/div>\n\t\t\t\t<div class=\"elementor-element elementor-element-8cc1fcf elementor-widget elementor-widget-text-editor\" data-id=\"8cc1fcf\" data-element_type=\"widget\" data-widget_type=\"text-editor.default\">\n\t\t\t\t<div class=\"elementor-widget-container\">\n\t\t\t\t\t\t\t\t\tPremium Residence \u00ebsht\u00eb nj\u00eb kompleks modern i banimit dhe sh\u00ebrbimeve t\u00eb nd\u00ebrtuar me cil\u00ebsi t\u00eb lart\u00eb dhe dizajn unik. Nj\u00eb nga element\u00ebt kryesor\u00eb t\u00eb k\u00ebtij kompleksi jan\u00eb lokal\u00ebt afariste, t\u00eb cil\u00ebt p\u00ebrb\u00ebjn\u00eb nj\u00eb pjes\u00eb t\u00eb r\u00ebnd\u00ebsishme t\u00eb hap\u00ebsir\u00ebs s\u00eb tij. Me mbi 3500m2 hap\u00ebsir\u00eb t\u00eb p\u00ebrdorshme p\u00ebr lokale afariste, kjo \u00ebsht\u00eb nj\u00eb mund\u00ebsi e jasht\u00ebzakonshme p\u00ebr bizneset dhe kompanit\u00eb q\u00eb k\u00ebrkojn\u00eb nj\u00eb lokacion t\u00eb favorsh\u00ebm p\u00ebr t\u00eb zhvilluar aktivitetin e tyre.\n\n\t\t\t\t\t\t\t\t<\/div>\n\t\t\t\t<\/div>\n\t\t\t\t<\/div>\n\t\t<div class=\"elementor-element elementor-element-2639c40 e-con-full e-flex e-con e-parent\" data-id=\"2639c40\" data-element_type=\"container\">\n\t\t\t\t<div class=\"elementor-element elementor-element-dc5839c elementor-widget elementor-widget-counter\" data-id=\"dc5839c\" data-element_type=\"widget\" data-widget_type=\"counter.default\">\n\t\t\t\t<div class=\"elementor-widget-container\">\n\t\t\t\t\t\t\t<div class=\"elementor-counter\">\n\t\t\t<div class=\"elementor-counter-title\">Lokale Afariste<\/div>\t\t\t<div class=\"elementor-counter-number-wrapper\">\n\t\t\t\t<span class=\"elementor-counter-number-prefix\"><\/span>\n\t\t\t\t<span class=\"elementor-counter-number\" data-duration=\"2000\" data-to-value=\"4000\" data-from-value=\"0\" data-delimiter=\" \">0<\/span>\n\t\t\t\t<span class=\"elementor-counter-number-suffix\">m2<\/span>\n\t\t\t<\/div>\n\t\t<\/div>\n\t\t\t\t\t\t<\/div>\n\t\t\t\t<\/div>\n\t\t\t\t<\/div>\n\t\t\t\t\t<\/div>\n\t\t\t\t<\/div>\n\t\t<div class=\"elementor-element elementor-element-72233c1 e-flex e-con-boxed e-con e-parent\" data-id=\"72233c1\" data-element_type=\"container\">\n\t\t\t\t\t<div class=\"e-con-inner\">\n\t\t<div class=\"elementor-element elementor-element-096bd78 e-con-full e-flex e-con e-parent\" data-id=\"096bd78\" data-element_type=\"container\">\n\t\t\t\t<div class=\"elementor-element elementor-element-bf95e7a elementor-cta--skin-cover elementor-cta--valign-bottom elementor-widget elementor-widget-call-to-action\" data-id=\"bf95e7a\" data-element_type=\"widget\" data-widget_type=\"call-to-action.default\">\n\t\t\t\t<div class=\"elementor-widget-container\">\n\t\t\t\t\t\t\t<div class=\"elementor-cta\">\n\t\t\t\t\t<div class=\"elementor-cta__bg-wrapper\">\n\t\t\t\t<div class=\"elementor-cta__bg elementor-bg\" style=\"background-image: url(https:\/\/premiumresidence.mk\/wp-content\/uploads\/2023\/03\/Camera-4-1024x649.jpg);\" role=\"img\" aria-label=\"Camera 4\"><\/div>\n\t\t\t\t<div class=\"elementor-cta__bg-overlay\"><\/div>\n\t\t\t<\/div>\n\t\t\t\t\t\t\t<div class=\"elementor-cta__content\">\n\t\t\t\t\n\t\t\t\t\t\t\t\t\t<h2 class=\"elementor-cta__title elementor-cta__content-item elementor-content-item\">\n\t\t\t\t\t\tAFARIZMI TEK OBJEKTI\t\t\t\t\t<\/h2>\n\t\t\t\t\n\t\t\t\t\n\t\t\t\t\t\t\t<\/div>\n\t\t\t\t\t\t<\/div>\n\t\t\t\t\t\t<\/div>\n\t\t\t\t<\/div>\n\t\t\t\t<\/div>\n\t\t<div class=\"elementor-element elementor-element-8aa929e e-con-full e-flex e-con e-parent\" data-id=\"8aa929e\" data-element_type=\"container\">\n\t\t\t\t<div class=\"elementor-element elementor-element-9d653d2 elementor-cta--skin-cover elementor-cta--valign-bottom elementor-widget elementor-widget-call-to-action\" data-id=\"9d653d2\" data-element_type=\"widget\" data-widget_type=\"call-to-action.default\">\n\t\t\t\t<div class=\"elementor-widget-container\">\n\t\t\t\t\t\t\t<div class=\"elementor-cta\">\n\t\t\t\t\t<div class=\"elementor-cta__bg-wrapper\">\n\t\t\t\t<div class=\"elementor-cta__bg elementor-bg\" style=\"background-image: url(https:\/\/premiumresidence.mk\/wp-content\/uploads\/2023\/03\/Camera-1-1024x649.jpg);\" role=\"img\" aria-label=\"Camera 1\"><\/div>\n\t\t\t\t<div class=\"elementor-cta__bg-overlay\"><\/div>\n\t\t\t<\/div>\n\t\t\t\t\t\t\t<div class=\"elementor-cta__content\">\n\t\t\t\t\n\t\t\t\t\t\t\t\t\t<h2 class=\"elementor-cta__title elementor-cta__content-item elementor-content-item\">\n\t\t\t\t\t\tAFARIZMI TEK OBJEKTI 2\t\t\t\t\t<\/h2>\n\t\t\t\t\n\t\t\t\t\n\t\t\t\t\t\t\t<\/div>\n\t\t\t\t\t\t<\/div>\n\t\t\t\t\t\t<\/div>\n\t\t\t\t<\/div>\n\t\t\t\t<\/div>\n\t\t<div class=\"elementor-element elementor-element-78333bf e-con-full e-flex e-con e-parent\" data-id=\"78333bf\" data-element_type=\"container\">\n\t\t\t\t<div class=\"elementor-element elementor-element-2ce2dc4 elementor-cta--skin-cover elementor-cta--valign-bottom elementor-widget elementor-widget-call-to-action\" data-id=\"2ce2dc4\" data-element_type=\"widget\" data-widget_type=\"call-to-action.default\">\n\t\t\t\t<div class=\"elementor-widget-container\">\n\t\t\t\t\t\t\t<div class=\"elementor-cta\">\n\t\t\t\t\t<div class=\"elementor-cta__bg-wrapper\">\n\t\t\t\t<div class=\"elementor-cta__bg elementor-bg\" style=\"background-image: url(https:\/\/premiumresidence.mk\/wp-content\/uploads\/2023\/03\/Camera-3-1024x649.jpg);\" role=\"img\" aria-label=\"Camera 3\"><\/div>\n\t\t\t\t<div class=\"elementor-cta__bg-overlay\"><\/div>\n\t\t\t<\/div>\n\t\t\t\t\t\t\t<div class=\"elementor-cta__content\">\n\t\t\t\t\n\t\t\t\t\t\t\t\t\t<h2 class=\"elementor-cta__title elementor-cta__content-item elementor-content-item\">\n\t\t\t\t\t\tAFARIZMI TEK OBJEKTI 3\t\t\t\t\t<\/h2>\n\t\t\t\t\n\t\t\t\t\n\t\t\t\t\t\t\t<\/div>\n\t\t\t\t\t\t<\/div>\n\t\t\t\t\t\t<\/div>\n\t\t\t\t<\/div>\n\t\t\t\t<\/div>\n\t\t<div class=\"elementor-element elementor-element-cbb8667 e-con-full e-flex e-con e-parent\" data-id=\"cbb8667\" data-element_type=\"container\">\n\t\t\t\t<div class=\"elementor-element elementor-element-a9a35b4 elementor-cta--skin-cover elementor-cta--valign-bottom elementor-widget elementor-widget-call-to-action\" data-id=\"a9a35b4\" data-element_type=\"widget\" data-widget_type=\"call-to-action.default\">\n\t\t\t\t<div class=\"elementor-widget-container\">\n\t\t\t\t\t\t\t<div class=\"elementor-cta\">\n\t\t\t\t\t<div class=\"elementor-cta__bg-wrapper\">\n\t\t\t\t<div class=\"elementor-cta__bg elementor-bg\" style=\"background-image: url(https:\/\/premiumresidence.mk\/wp-content\/uploads\/2023\/03\/premier-selektim2-1-1024x576.jpg);\" role=\"img\" aria-label=\"premier-selektim2\"><\/div>\n\t\t\t\t<div class=\"elementor-cta__bg-overlay\"><\/div>\n\t\t\t<\/div>\n\t\t\t\t\t\t\t<div class=\"elementor-cta__content\">\n\t\t\t\t\n\t\t\t\t\t\t\t\t\t<h2 class=\"elementor-cta__title elementor-cta__content-item elementor-content-item\">\n\t\t\t\t\t\tAFARIZMI TEK OBJEKTI 4\t\t\t\t\t<\/h2>\n\t\t\t\t\n\t\t\t\t\n\t\t\t\t\t\t\t<\/div>\n\t\t\t\t\t\t<\/div>\n\t\t\t\t\t\t<\/div>\n\t\t\t\t<\/div>\n\t\t\t\t<\/div>\n\t\t\t\t\t<\/div>\n\t\t\t\t<\/div>\n\t\t\t\t<\/div>\n\t\t","protected":false},"excerpt":{"rendered":"<p>Document Zgjedh lokalin Premium Residence \u00ebsht\u00eb nj\u00eb kompleks modern i banimit dhe sh\u00ebrbimeve t\u00eb nd\u00ebrtuar me cil\u00ebsi t\u00eb lart\u00eb dhe dizajn unik. Nj\u00eb nga element\u00ebt kryesor\u00eb t\u00eb k\u00ebtij kompleksi jan\u00eb lokal\u00ebt afariste, t\u00eb cil\u00ebt p\u00ebrb\u00ebjn\u00eb nj\u00eb pjes\u00eb t\u00eb r\u00ebnd\u00ebsishme t\u00eb hap\u00ebsir\u00ebs s\u00eb tij. Me mbi 3500m2 hap\u00ebsir\u00eb t\u00eb p\u00ebrdorshme p\u00ebr lokale afariste, kjo \u00ebsht\u00eb nj\u00eb [&hellip;]<\/p>\n","protected":false},"author":1,"featured_media":0,"parent":0,"menu_order":0,"comment_status":"closed","ping_status":"closed","template":"","meta":{"footnotes":""},"class_list":["post-2290","page","type-page","status-publish","hentry"],"yoast_head":"<!-- This site is optimized with the Yoast SEO plugin v25.2 - https:\/\/yoast.com\/wordpress\/plugins\/seo\/ -->\n<title>AFARZIMI - Premium Residence<\/title>\n<meta name=\"robots\" content=\"index, follow, max-snippet:-1, max-image-preview:large, max-video-preview:-1\" \/>\n<link rel=\"canonical\" href=\"https:\/\/premiumresidence.mk\/al\/afarzimi\/\" \/>\n<meta property=\"og:locale\" content=\"sq_AL\" \/>\n<meta property=\"og:type\" content=\"article\" \/>\n<meta property=\"og:title\" content=\"AFARZIMI - Premium Residence\" \/>\n<meta property=\"og:description\" content=\"Document Zgjedh lokalin Premium Residence \u00ebsht\u00eb nj\u00eb kompleks modern i banimit dhe sh\u00ebrbimeve t\u00eb nd\u00ebrtuar me cil\u00ebsi t\u00eb lart\u00eb dhe dizajn unik. Nj\u00eb nga element\u00ebt kryesor\u00eb t\u00eb k\u00ebtij kompleksi jan\u00eb lokal\u00ebt afariste, t\u00eb cil\u00ebt p\u00ebrb\u00ebjn\u00eb nj\u00eb pjes\u00eb t\u00eb r\u00ebnd\u00ebsishme t\u00eb hap\u00ebsir\u00ebs s\u00eb tij. Me mbi 3500m2 hap\u00ebsir\u00eb t\u00eb p\u00ebrdorshme p\u00ebr lokale afariste, kjo \u00ebsht\u00eb nj\u00eb [&hellip;]\" \/>\n<meta property=\"og:url\" content=\"https:\/\/premiumresidence.mk\/al\/afarzimi\/\" \/>\n<meta property=\"og:site_name\" content=\"Premium Residence\" \/>\n<meta property=\"article:modified_time\" content=\"2023-05-26T09:01:12+00:00\" \/>\n<meta name=\"twitter:card\" content=\"summary_large_image\" \/>\n<meta name=\"twitter:label1\" content=\"Est. reading time\" \/>\n\t<meta name=\"twitter:data1\" content=\"1 minut\u00eb\" \/>\n<script type=\"application\/ld+json\" class=\"yoast-schema-graph\">{\"@context\":\"https:\/\/schema.org\",\"@graph\":[{\"@type\":\"WebPage\",\"@id\":\"https:\/\/premiumresidence.mk\/al\/afarzimi\/\",\"url\":\"https:\/\/premiumresidence.mk\/al\/afarzimi\/\",\"name\":\"AFARZIMI - Premium Residence\",\"isPartOf\":{\"@id\":\"https:\/\/premiumresidence.mk\/al\/#website\"},\"datePublished\":\"2023-03-24T13:14:48+00:00\",\"dateModified\":\"2023-05-26T09:01:12+00:00\",\"breadcrumb\":{\"@id\":\"https:\/\/premiumresidence.mk\/al\/afarzimi\/#breadcrumb\"},\"inLanguage\":\"sq\",\"potentialAction\":[{\"@type\":\"ReadAction\",\"target\":[\"https:\/\/premiumresidence.mk\/al\/afarzimi\/\"]}]},{\"@type\":\"BreadcrumbList\",\"@id\":\"https:\/\/premiumresidence.mk\/al\/afarzimi\/#breadcrumb\",\"itemListElement\":[{\"@type\":\"ListItem\",\"position\":1,\"name\":\"Ballina\",\"item\":\"https:\/\/premiumresidence.mk\/\"},{\"@type\":\"ListItem\",\"position\":2,\"name\":\"AFARZIMI\"}]},{\"@type\":\"WebSite\",\"@id\":\"https:\/\/premiumresidence.mk\/al\/#website\",\"url\":\"https:\/\/premiumresidence.mk\/al\/\",\"name\":\"Premium Residence\",\"description\":\"Kompleks prestigjoz\",\"publisher\":{\"@id\":\"https:\/\/premiumresidence.mk\/al\/#organization\"},\"potentialAction\":[{\"@type\":\"SearchAction\",\"target\":{\"@type\":\"EntryPoint\",\"urlTemplate\":\"https:\/\/premiumresidence.mk\/al\/?s={search_term_string}\"},\"query-input\":{\"@type\":\"PropertyValueSpecification\",\"valueRequired\":true,\"valueName\":\"search_term_string\"}}],\"inLanguage\":\"sq\"},{\"@type\":\"Organization\",\"@id\":\"https:\/\/premiumresidence.mk\/al\/#organization\",\"name\":\"Premium Residence\",\"url\":\"https:\/\/premiumresidence.mk\/al\/\",\"logo\":{\"@type\":\"ImageObject\",\"inLanguage\":\"sq\",\"@id\":\"https:\/\/premiumresidence.mk\/al\/#\/schema\/logo\/image\/\",\"url\":\"https:\/\/premiumresidence.mk\/wp-content\/uploads\/2023\/03\/cropped-cropped-Untitled-2-01-1.png\",\"contentUrl\":\"https:\/\/premiumresidence.mk\/wp-content\/uploads\/2023\/03\/cropped-cropped-Untitled-2-01-1.png\",\"width\":511,\"height\":233,\"caption\":\"Premium Residence\"},\"image\":{\"@id\":\"https:\/\/premiumresidence.mk\/al\/#\/schema\/logo\/image\/\"}}]}<\/script>\n<!-- \/ Yoast SEO plugin. -->","yoast_head_json":{"title":"AFARZIMI - Premium Residence","robots":{"index":"index","follow":"follow","max-snippet":"max-snippet:-1","max-image-preview":"max-image-preview:large","max-video-preview":"max-video-preview:-1"},"canonical":"https:\/\/premiumresidence.mk\/al\/afarzimi\/","og_locale":"sq_AL","og_type":"article","og_title":"AFARZIMI - Premium Residence","og_description":"Document Zgjedh lokalin Premium Residence \u00ebsht\u00eb nj\u00eb kompleks modern i banimit dhe sh\u00ebrbimeve t\u00eb nd\u00ebrtuar me cil\u00ebsi t\u00eb lart\u00eb dhe dizajn unik. Nj\u00eb nga element\u00ebt kryesor\u00eb t\u00eb k\u00ebtij kompleksi jan\u00eb lokal\u00ebt afariste, t\u00eb cil\u00ebt p\u00ebrb\u00ebjn\u00eb nj\u00eb pjes\u00eb t\u00eb r\u00ebnd\u00ebsishme t\u00eb hap\u00ebsir\u00ebs s\u00eb tij. Me mbi 3500m2 hap\u00ebsir\u00eb t\u00eb p\u00ebrdorshme p\u00ebr lokale afariste, kjo \u00ebsht\u00eb nj\u00eb [&hellip;]","og_url":"https:\/\/premiumresidence.mk\/al\/afarzimi\/","og_site_name":"Premium Residence","article_modified_time":"2023-05-26T09:01:12+00:00","twitter_card":"summary_large_image","twitter_misc":{"Est. reading time":"1 minut\u00eb"},"schema":{"@context":"https:\/\/schema.org","@graph":[{"@type":"WebPage","@id":"https:\/\/premiumresidence.mk\/al\/afarzimi\/","url":"https:\/\/premiumresidence.mk\/al\/afarzimi\/","name":"AFARZIMI - Premium Residence","isPartOf":{"@id":"https:\/\/premiumresidence.mk\/al\/#website"},"datePublished":"2023-03-24T13:14:48+00:00","dateModified":"2023-05-26T09:01:12+00:00","breadcrumb":{"@id":"https:\/\/premiumresidence.mk\/al\/afarzimi\/#breadcrumb"},"inLanguage":"sq","potentialAction":[{"@type":"ReadAction","target":["https:\/\/premiumresidence.mk\/al\/afarzimi\/"]}]},{"@type":"BreadcrumbList","@id":"https:\/\/premiumresidence.mk\/al\/afarzimi\/#breadcrumb","itemListElement":[{"@type":"ListItem","position":1,"name":"Ballina","item":"https:\/\/premiumresidence.mk\/"},{"@type":"ListItem","position":2,"name":"AFARZIMI"}]},{"@type":"WebSite","@id":"https:\/\/premiumresidence.mk\/al\/#website","url":"https:\/\/premiumresidence.mk\/al\/","name":"Premium Residence","description":"Kompleks prestigjoz","publisher":{"@id":"https:\/\/premiumresidence.mk\/al\/#organization"},"potentialAction":[{"@type":"SearchAction","target":{"@type":"EntryPoint","urlTemplate":"https:\/\/premiumresidence.mk\/al\/?s={search_term_string}"},"query-input":{"@type":"PropertyValueSpecification","valueRequired":true,"valueName":"search_term_string"}}],"inLanguage":"sq"},{"@type":"Organization","@id":"https:\/\/premiumresidence.mk\/al\/#organization","name":"Premium Residence","url":"https:\/\/premiumresidence.mk\/al\/","logo":{"@type":"ImageObject","inLanguage":"sq","@id":"https:\/\/premiumresidence.mk\/al\/#\/schema\/logo\/image\/","url":"https:\/\/premiumresidence.mk\/wp-content\/uploads\/2023\/03\/cropped-cropped-Untitled-2-01-1.png","contentUrl":"https:\/\/premiumresidence.mk\/wp-content\/uploads\/2023\/03\/cropped-cropped-Untitled-2-01-1.png","width":511,"height":233,"caption":"Premium Residence"},"image":{"@id":"https:\/\/premiumresidence.mk\/al\/#\/schema\/logo\/image\/"}}]}},"_links":{"self":[{"href":"https:\/\/premiumresidence.mk\/al\/wp-json\/wp\/v2\/pages\/2290","targetHints":{"allow":["GET"]}}],"collection":[{"href":"https:\/\/premiumresidence.mk\/al\/wp-json\/wp\/v2\/pages"}],"about":[{"href":"https:\/\/premiumresidence.mk\/al\/wp-json\/wp\/v2\/types\/page"}],"author":[{"embeddable":true,"href":"https:\/\/premiumresidence.mk\/al\/wp-json\/wp\/v2\/users\/1"}],"replies":[{"embeddable":true,"href":"https:\/\/premiumresidence.mk\/al\/wp-json\/wp\/v2\/comments?post=2290"}],"version-history":[{"count":100,"href":"https:\/\/premiumresidence.mk\/al\/wp-json\/wp\/v2\/pages\/2290\/revisions"}],"predecessor-version":[{"id":6694,"href":"https:\/\/premiumresidence.mk\/al\/wp-json\/wp\/v2\/pages\/2290\/revisions\/6694"}],"wp:attachment":[{"href":"https:\/\/premiumresidence.mk\/al\/wp-json\/wp\/v2\/media?parent=2290"}],"curies":[{"name":"wp","href":"https:\/\/api.w.org\/{rel}","templated":true}]}}