{"id":1781,"date":"2023-03-21T14:03:29","date_gmt":"2023-03-21T14:03:29","guid":{"rendered":"https:\/\/premium.roitiv.com\/?page_id=1781"},"modified":"2023-05-10T09:12:39","modified_gmt":"2023-05-10T09:12:39","slug":"parkingu","status":"publish","type":"page","link":"https:\/\/premiumresidence.mk\/al\/parkingu\/","title":{"rendered":"Parkingu"},"content":{"rendered":"\t\t<div data-elementor-type=\"wp-page\" data-elementor-id=\"1781\" class=\"elementor elementor-1781\" data-elementor-post-type=\"page\">\n\t\t\t\t<div class=\"elementor-element elementor-element-63ceba8d e-flex e-con-boxed e-con e-parent\" data-id=\"63ceba8d\" data-element_type=\"container\" data-settings=\"{&quot;background_background&quot;:&quot;classic&quot;}\">\n\t\t\t\t\t<div class=\"e-con-inner\">\n\t\t\t\t\t<\/div>\n\t\t\t\t<\/div>\n\t\t<div class=\"elementor-element elementor-element-766e546 e-flex e-con-boxed e-con e-parent\" data-id=\"766e546\" data-element_type=\"container\">\n\t\t\t\t\t<div class=\"e-con-inner\">\n\t\t<div class=\"elementor-element elementor-element-a8a4c6c e-con-full e-flex e-con e-parent\" data-id=\"a8a4c6c\" data-element_type=\"container\" data-settings=\"{&quot;background_background&quot;:&quot;classic&quot;}\">\n\t\t\t\t<div class=\"elementor-element elementor-element-a1f4eef elementor-widget elementor-widget-spacer\" data-id=\"a1f4eef\" data-element_type=\"widget\" data-widget_type=\"spacer.default\">\n\t\t\t\t<div class=\"elementor-widget-container\">\n\t\t\t\t\t\t\t<div class=\"elementor-spacer\">\n\t\t\t<div class=\"elementor-spacer-inner\"><\/div>\n\t\t<\/div>\n\t\t\t\t\t\t<\/div>\n\t\t\t\t<\/div>\n\t\t\t\t<\/div>\n\t\t<div class=\"elementor-element elementor-element-600952d e-con-full e-flex e-con e-parent\" data-id=\"600952d\" data-element_type=\"container\" data-settings=\"{&quot;background_background&quot;:&quot;classic&quot;}\">\n\t\t\t\t<div class=\"elementor-element elementor-element-70af696 elementor-widget elementor-widget-heading\" data-id=\"70af696\" data-element_type=\"widget\" data-widget_type=\"heading.default\">\n\t\t\t\t<div class=\"elementor-widget-container\">\n\t\t\t\t\t<h2 class=\"elementor-heading-title elementor-size-default\">PARKIMI N\u00cb \u00c7DO KOH\u00cb, P\u00cbR K\u00cbDO\n<\/h2>\t\t\t\t<\/div>\n\t\t\t\t<\/div>\n\t\t\t\t<div class=\"elementor-element elementor-element-7948aad elementor-widget elementor-widget-text-editor\" data-id=\"7948aad\" data-element_type=\"widget\" data-widget_type=\"text-editor.default\">\n\t\t\t\t<div class=\"elementor-widget-container\">\n\t\t\t\t\t\t\t\t\tPremium Residence ofron nj\u00eb zgjidhje t\u00eb p\u00ebrshtatshme p\u00ebr parkim n\u00eb zem\u00ebr t\u00eb qytetit. N\u00eb m\u00ebnyr\u00eb q\u00eb t\u00eb leht\u00ebsojm\u00eb jetes\u00ebn tuaj, kemi nd\u00ebrtuar nj\u00eb parking n\u00ebntok\u00ebsor dhe nj\u00eb parking mbi tok\u00eb me nj\u00eb sip\u00ebrfaqe prej rreth 18,000 m2. K\u00ebto dy parkinge ofrojn\u00eb vende t\u00eb p\u00ebrbashk\u00ebta parkimi n\u00eb katin p\u00ebrdhes dhe n\u00eb nivelin bodrum -1, p\u00ebr t\u00eb plot\u00ebsuar nevojat e qytetar\u00ebve p\u00ebr parkim t\u00eb sigurt dhe t\u00eb rehatsh\u00ebm.\n\nN\u00eb katin p\u00ebrdhes, banor\u00ebt dhe vizitor\u00ebt kan\u00eb n\u00eb dispozicion 190 vende parkimi, s\u00eb bashku me 7 vende t\u00eb dedikuara p\u00ebr personat me aft\u00ebsi t\u00eb kufizuara. N\u00eb nivelin e bodrumit -1, jan\u00eb ofruar 337 vende parkimi, s\u00eb bashku me 11 vende t\u00eb dedikuara p\u00ebr personat me aft\u00ebsi t\u00eb kufizuara. Kjo garanton se parkimi n\u00eb Premium Residence do t\u00eb jet\u00eb i leht\u00eb, i sigurt dhe i p\u00ebrshtatsh\u00ebm p\u00ebr t\u00eb gjith\u00eb qytetar\u00ebt.\t\t\t\t\t\t\t\t<\/div>\n\t\t\t\t<\/div>\n\t\t<div class=\"elementor-element elementor-element-a6957bb e-flex e-con-boxed e-con e-parent\" data-id=\"a6957bb\" data-element_type=\"container\">\n\t\t\t\t\t<div class=\"e-con-inner\">\n\t\t\t\t<div class=\"elementor-element elementor-element-d8c5107 elementor-widget elementor-widget-progress\" data-id=\"d8c5107\" data-element_type=\"widget\" data-widget_type=\"progress.default\">\n\t\t\t\t<div class=\"elementor-widget-container\">\n\t\t\t\t\t\t\t\t<span class=\"elementor-title\" id=\"elementor-progress-bar-d8c5107\">\n\t\t\t\tSIGURI KAMERASH\t\t\t<\/span>\n\t\t\n\t\t<div aria-labelledby=\"elementor-progress-bar-d8c5107\" class=\"elementor-progress-wrapper\" role=\"progressbar\" aria-valuemin=\"0\" aria-valuemax=\"100\" aria-valuenow=\"100\">\n\t\t\t<div class=\"elementor-progress-bar\" data-max=\"100\">\n\t\t\t\t<span class=\"elementor-progress-text\"><\/span>\n\t\t\t\t\t\t\t\t\t<span class=\"elementor-progress-percentage\">100%<\/span>\n\t\t\t\t\t\t\t<\/div>\n\t\t<\/div>\n\t\t\t\t\t\t<\/div>\n\t\t\t\t<\/div>\n\t\t\t\t<div class=\"elementor-element elementor-element-e519307 elementor-widget elementor-widget-progress\" data-id=\"e519307\" data-element_type=\"widget\" data-widget_type=\"progress.default\">\n\t\t\t\t<div class=\"elementor-widget-container\">\n\t\t\t\t\t\t\t\t<span class=\"elementor-title\" id=\"elementor-progress-bar-e519307\">\n\t\t\t\tSIGURI CIVILE\t\t\t<\/span>\n\t\t\n\t\t<div aria-labelledby=\"elementor-progress-bar-e519307\" class=\"elementor-progress-wrapper\" role=\"progressbar\" aria-valuemin=\"0\" aria-valuemax=\"100\" aria-valuenow=\"100\">\n\t\t\t<div class=\"elementor-progress-bar\" data-max=\"100\">\n\t\t\t\t<span class=\"elementor-progress-text\"><\/span>\n\t\t\t\t\t\t\t\t\t<span class=\"elementor-progress-percentage\">100%<\/span>\n\t\t\t\t\t\t\t<\/div>\n\t\t<\/div>\n\t\t\t\t\t\t<\/div>\n\t\t\t\t<\/div>\n\t\t\t\t<div class=\"elementor-element elementor-element-892237e elementor-widget elementor-widget-progress\" data-id=\"892237e\" data-element_type=\"widget\" data-widget_type=\"progress.default\">\n\t\t\t\t<div class=\"elementor-widget-container\">\n\t\t\t\t\t\t\t\t<span class=\"elementor-title\" id=\"elementor-progress-bar-892237e\">\n\t\t\t\takses t\u00eb p\u00ebrshtatsh\u00ebm\t\t\t<\/span>\n\t\t\n\t\t<div aria-labelledby=\"elementor-progress-bar-892237e\" class=\"elementor-progress-wrapper\" role=\"progressbar\" aria-valuemin=\"0\" aria-valuemax=\"100\" aria-valuenow=\"100\" aria-valuetext=\"100% (3 hyrje nga kompleksi)\">\n\t\t\t<div class=\"elementor-progress-bar\" data-max=\"100\">\n\t\t\t\t<span class=\"elementor-progress-text\">3 hyrje nga kompleksi<\/span>\n\t\t\t\t\t\t\t\t\t<span class=\"elementor-progress-percentage\">100%<\/span>\n\t\t\t\t\t\t\t<\/div>\n\t\t<\/div>\n\t\t\t\t\t\t<\/div>\n\t\t\t\t<\/div>\n\t\t\t\t\t<\/div>\n\t\t\t\t<\/div>\n\t\t\t\t<\/div>\n\t\t\t\t\t<\/div>\n\t\t\t\t<\/div>\n\t\t<div class=\"elementor-element elementor-element-8aa9f72 e-con-full e-flex e-con e-parent\" data-id=\"8aa9f72\" data-element_type=\"container\">\n\t\t<div class=\"elementor-element elementor-element-7f11861 e-flex e-con-boxed e-con e-parent\" data-id=\"7f11861\" data-element_type=\"container\" data-settings=\"{&quot;background_background&quot;:&quot;classic&quot;}\">\n\t\t\t\t\t<div class=\"e-con-inner\">\n\t\t\t\t<div class=\"elementor-element elementor-element-4595cb6 elementor-widget elementor-widget-text-editor\" data-id=\"4595cb6\" data-element_type=\"widget\" data-widget_type=\"text-editor.default\">\n\t\t\t\t<div class=\"elementor-widget-container\">\n\t\t\t\t\t\t\t\t\tKati p\u00ebrdhesor i ofron banor\u00ebve dhe vizitor\u00ebve 190 vende parkimi, s\u00eb bashku me 7 vende t\u00eb dedikuara p\u00ebr personat me aft\u00ebsi t\u00eb kufizuara. N\u00eb nivelin e bodrumit -1, ofrohen 337 vende parkimi, plus 11 vende t\u00eb dedikuara p\u00ebr personat me aft\u00ebsi t\u00eb kufizuara. Kjo garanton q\u00eb parkimi n\u00eb Premium Residence do t\u00eb jet\u00eb i leht\u00eb, i sigurt dhe i p\u00ebrshtatsh\u00ebm p\u00ebr t\u00eb gjith\u00eb qytetar\u00ebt.\n\n\n\n\n\t\t\t\t\t\t\t\t<\/div>\n\t\t\t\t<\/div>\n\t\t\t\t\t<\/div>\n\t\t\t\t<\/div>\n\t\t\t\t<\/div>\n\t\t<div class=\"elementor-element elementor-element-37159bb e-flex e-con-boxed e-con e-parent\" data-id=\"37159bb\" data-element_type=\"container\">\n\t\t\t\t\t<div class=\"e-con-inner\">\n\t\t<div class=\"elementor-element elementor-element-30159fe e-con-full e-flex e-con e-parent\" data-id=\"30159fe\" data-element_type=\"container\" data-settings=\"{&quot;background_background&quot;:&quot;classic&quot;}\">\n\t\t\t\t<div class=\"elementor-element elementor-element-50fd36a elementor-widget elementor-widget-spacer\" data-id=\"50fd36a\" data-element_type=\"widget\" data-widget_type=\"spacer.default\">\n\t\t\t\t<div class=\"elementor-widget-container\">\n\t\t\t\t\t\t\t<div class=\"elementor-spacer\">\n\t\t\t<div class=\"elementor-spacer-inner\"><\/div>\n\t\t<\/div>\n\t\t\t\t\t\t<\/div>\n\t\t\t\t<\/div>\n\t\t\t\t<\/div>\n\t\t\t\t\t<\/div>\n\t\t\t\t<\/div>\n\t\t<div class=\"elementor-element elementor-element-df771f0 e-flex e-con-boxed e-con e-parent\" data-id=\"df771f0\" data-element_type=\"container\">\n\t\t\t\t\t<div class=\"e-con-inner\">\n\t\t\t\t<div class=\"elementor-element elementor-element-2dae70d elementor-widget elementor-widget-heading\" data-id=\"2dae70d\" data-element_type=\"widget\" data-widget_type=\"heading.default\">\n\t\t\t\t<div class=\"elementor-widget-container\">\n\t\t\t\t\t<h2 class=\"elementor-heading-title elementor-size-default\">FOTO GALLERY<\/h2>\t\t\t\t<\/div>\n\t\t\t\t<\/div>\n\t\t\t\t<div class=\"elementor-element elementor-element-98ef70d elementor-widget elementor-widget-gallery\" data-id=\"98ef70d\" data-element_type=\"widget\" data-settings=\"{&quot;gallery_layout&quot;:&quot;justified&quot;,&quot;ideal_row_height&quot;:{&quot;unit&quot;:&quot;px&quot;,&quot;size&quot;:300,&quot;sizes&quot;:[]},&quot;background_overlay_hover_animation&quot;:&quot;fade-in&quot;,&quot;content_sequenced_animation&quot;:&quot;yes&quot;,&quot;ideal_row_height_mobile&quot;:{&quot;unit&quot;:&quot;px&quot;,&quot;size&quot;:109,&quot;sizes&quot;:[]},&quot;lazyload&quot;:&quot;yes&quot;,&quot;ideal_row_height_tablet&quot;:{&quot;unit&quot;:&quot;px&quot;,&quot;size&quot;:150,&quot;sizes&quot;:[]},&quot;gap&quot;:{&quot;unit&quot;:&quot;px&quot;,&quot;size&quot;:10,&quot;sizes&quot;:[]},&quot;gap_tablet&quot;:{&quot;unit&quot;:&quot;px&quot;,&quot;size&quot;:10,&quot;sizes&quot;:[]},&quot;gap_mobile&quot;:{&quot;unit&quot;:&quot;px&quot;,&quot;size&quot;:10,&quot;sizes&quot;:[]},&quot;link_to&quot;:&quot;file&quot;,&quot;overlay_background&quot;:&quot;yes&quot;,&quot;content_hover_animation&quot;:&quot;fade-in&quot;}\" data-widget_type=\"gallery.default\">\n\t\t\t\t<div class=\"elementor-widget-container\">\n\t\t\t\t\t\t\t<div class=\"elementor-gallery__container\">\n\t\t\t\t\t\t\t<a class=\"e-gallery-item elementor-gallery-item elementor-animated-content\" href=\"https:\/\/premiumresidence.mk\/wp-content\/uploads\/2023\/04\/underground-industry-night-vehicle-illuminated.jpg\" data-elementor-open-lightbox=\"yes\" data-elementor-lightbox-slideshow=\"98ef70d\" data-elementor-lightbox-title=\"Empty space car park interior at night\" data-e-action-hash=\"#elementor-action%3Aaction%3Dlightbox%26settings%3DeyJpZCI6MzkzMywidXJsIjoiaHR0cHM6XC9cL3ByZW1pdW1yZXNpZGVuY2UubWtcL3dwLWNvbnRlbnRcL3VwbG9hZHNcLzIwMjNcLzA0XC91bmRlcmdyb3VuZC1pbmR1c3RyeS1uaWdodC12ZWhpY2xlLWlsbHVtaW5hdGVkLmpwZyIsInNsaWRlc2hvdyI6Ijk4ZWY3MGQifQ%3D%3D\">\n\t\t\t\t\t<div class=\"e-gallery-image elementor-gallery-item__image\" data-thumbnail=\"https:\/\/premiumresidence.mk\/wp-content\/uploads\/2023\/04\/underground-industry-night-vehicle-illuminated.jpg\" data-width=\"1089\" data-height=\"602\" aria-label=\"\" role=\"img\" ><\/div>\n\t\t\t\t\t\t\t\t\t\t\t<div class=\"elementor-gallery-item__overlay\"><\/div>\n\t\t\t\t\t\t\t\t\t\t\t\t\t\t<\/a>\n\t\t\t\t\t\t\t<a class=\"e-gallery-item elementor-gallery-item elementor-animated-content\" href=\"https:\/\/premiumresidence.mk\/wp-content\/uploads\/2023\/04\/underground-car-parking-shopping-center.jpg\" data-elementor-open-lightbox=\"yes\" data-elementor-lightbox-slideshow=\"98ef70d\" data-elementor-lightbox-title=\"Underground car parking in the shopping center\" data-e-action-hash=\"#elementor-action%3Aaction%3Dlightbox%26settings%3DeyJpZCI6MzkzOCwidXJsIjoiaHR0cHM6XC9cL3ByZW1pdW1yZXNpZGVuY2UubWtcL3dwLWNvbnRlbnRcL3VwbG9hZHNcLzIwMjNcLzA0XC91bmRlcmdyb3VuZC1jYXItcGFya2luZy1zaG9wcGluZy1jZW50ZXIuanBnIiwic2xpZGVzaG93IjoiOThlZjcwZCJ9\">\n\t\t\t\t\t<div class=\"e-gallery-image elementor-gallery-item__image\" data-thumbnail=\"https:\/\/premiumresidence.mk\/wp-content\/uploads\/2023\/04\/underground-car-parking-shopping-center.jpg\" data-width=\"1500\" data-height=\"1000\" aria-label=\"\" role=\"img\" ><\/div>\n\t\t\t\t\t\t\t\t\t\t\t<div class=\"elementor-gallery-item__overlay\"><\/div>\n\t\t\t\t\t\t\t\t\t\t\t\t\t\t<\/a>\n\t\t\t\t\t\t\t<a class=\"e-gallery-item elementor-gallery-item elementor-animated-content\" href=\"https:\/\/premiumresidence.mk\/wp-content\/uploads\/2023\/04\/city-park-light-fluorescent-dark.jpg\" data-elementor-open-lightbox=\"yes\" data-elementor-lightbox-slideshow=\"98ef70d\" data-elementor-lightbox-title=\"Empty parking lot wall. Urban, industrial background.\" data-e-action-hash=\"#elementor-action%3Aaction%3Dlightbox%26settings%3DeyJpZCI6MzkzNSwidXJsIjoiaHR0cHM6XC9cL3ByZW1pdW1yZXNpZGVuY2UubWtcL3dwLWNvbnRlbnRcL3VwbG9hZHNcLzIwMjNcLzA0XC9jaXR5LXBhcmstbGlnaHQtZmx1b3Jlc2NlbnQtZGFyay5qcGciLCJzbGlkZXNob3ciOiI5OGVmNzBkIn0%3D\">\n\t\t\t\t\t<div class=\"e-gallery-image elementor-gallery-item__image\" data-thumbnail=\"https:\/\/premiumresidence.mk\/wp-content\/uploads\/2023\/04\/city-park-light-fluorescent-dark.jpg\" data-width=\"1500\" data-height=\"1000\" aria-label=\"\" role=\"img\" ><\/div>\n\t\t\t\t\t\t\t\t\t\t\t<div class=\"elementor-gallery-item__overlay\"><\/div>\n\t\t\t\t\t\t\t\t\t\t\t\t\t\t<\/a>\n\t\t\t\t\t\t\t<a class=\"e-gallery-item elementor-gallery-item elementor-animated-content\" href=\"https:\/\/premiumresidence.mk\/wp-content\/uploads\/2023\/04\/some-cars-underground-parking.jpg\" data-elementor-open-lightbox=\"yes\" data-elementor-lightbox-slideshow=\"98ef70d\" data-elementor-lightbox-title=\"Some cars at the underground parking during coronavirus pandemic\" data-e-action-hash=\"#elementor-action%3Aaction%3Dlightbox%26settings%3DeyJpZCI6MzkzNiwidXJsIjoiaHR0cHM6XC9cL3ByZW1pdW1yZXNpZGVuY2UubWtcL3dwLWNvbnRlbnRcL3VwbG9hZHNcLzIwMjNcLzA0XC9zb21lLWNhcnMtdW5kZXJncm91bmQtcGFya2luZy5qcGciLCJzbGlkZXNob3ciOiI5OGVmNzBkIn0%3D\">\n\t\t\t\t\t<div class=\"e-gallery-image elementor-gallery-item__image\" data-thumbnail=\"https:\/\/premiumresidence.mk\/wp-content\/uploads\/2023\/04\/some-cars-underground-parking.jpg\" data-width=\"1419\" data-height=\"947\" aria-label=\"\" role=\"img\" ><\/div>\n\t\t\t\t\t\t\t\t\t\t\t<div class=\"elementor-gallery-item__overlay\"><\/div>\n\t\t\t\t\t\t\t\t\t\t\t\t\t\t<\/a>\n\t\t\t\t\t\t\t<a class=\"e-gallery-item elementor-gallery-item elementor-animated-content\" href=\"https:\/\/premiumresidence.mk\/wp-content\/uploads\/2023\/04\/technology-drive-structure-lamp-garage.jpg\" data-elementor-open-lightbox=\"yes\" data-elementor-lightbox-slideshow=\"98ef70d\" data-elementor-lightbox-title=\"Empty parking lot wall. Urban, industrial background.\" data-e-action-hash=\"#elementor-action%3Aaction%3Dlightbox%26settings%3DeyJpZCI6MzkzNywidXJsIjoiaHR0cHM6XC9cL3ByZW1pdW1yZXNpZGVuY2UubWtcL3dwLWNvbnRlbnRcL3VwbG9hZHNcLzIwMjNcLzA0XC90ZWNobm9sb2d5LWRyaXZlLXN0cnVjdHVyZS1sYW1wLWdhcmFnZS5qcGciLCJzbGlkZXNob3ciOiI5OGVmNzBkIn0%3D\">\n\t\t\t\t\t<div class=\"e-gallery-image elementor-gallery-item__image\" data-thumbnail=\"https:\/\/premiumresidence.mk\/wp-content\/uploads\/2023\/04\/technology-drive-structure-lamp-garage.jpg\" data-width=\"1474\" data-height=\"983\" aria-label=\"\" role=\"img\" ><\/div>\n\t\t\t\t\t\t\t\t\t\t\t<div class=\"elementor-gallery-item__overlay\"><\/div>\n\t\t\t\t\t\t\t\t\t\t\t\t\t\t<\/a>\n\t\t\t\t\t<\/div>\n\t\t\t\t\t<\/div>\n\t\t\t\t<\/div>\n\t\t\t\t\t<\/div>\n\t\t\t\t<\/div>\n\t\t\t\t<\/div>\n\t\t","protected":false},"excerpt":{"rendered":"<p>PARKIMI N\u00cb \u00c7DO KOH\u00cb, P\u00cbR K\u00cbDO Premium Residence ofron nj\u00eb zgjidhje t\u00eb p\u00ebrshtatshme p\u00ebr parkim n\u00eb zem\u00ebr t\u00eb qytetit. N\u00eb m\u00ebnyr\u00eb q\u00eb t\u00eb leht\u00ebsojm\u00eb jetes\u00ebn tuaj, kemi nd\u00ebrtuar nj\u00eb parking n\u00ebntok\u00ebsor dhe nj\u00eb parking mbi tok\u00eb me nj\u00eb sip\u00ebrfaqe prej rreth 18,000 m2. K\u00ebto dy parkinge ofrojn\u00eb vende t\u00eb p\u00ebrbashk\u00ebta parkimi n\u00eb katin p\u00ebrdhes dhe [&hellip;]<\/p>\n","protected":false},"author":1,"featured_media":0,"parent":0,"menu_order":0,"comment_status":"closed","ping_status":"closed","template":"","meta":{"footnotes":""},"class_list":["post-1781","page","type-page","status-publish","hentry"],"yoast_head":"<!-- This site is optimized with the Yoast SEO plugin v25.2 - https:\/\/yoast.com\/wordpress\/plugins\/seo\/ -->\n<title>Parkingu - Premium Residence<\/title>\n<meta name=\"robots\" content=\"index, follow, max-snippet:-1, max-image-preview:large, max-video-preview:-1\" \/>\n<link rel=\"canonical\" href=\"https:\/\/premiumresidence.mk\/al\/parkingu\/\" \/>\n<meta property=\"og:locale\" content=\"sq_AL\" \/>\n<meta property=\"og:type\" content=\"article\" \/>\n<meta property=\"og:title\" content=\"Parkingu - Premium Residence\" \/>\n<meta property=\"og:description\" content=\"PARKIMI N\u00cb \u00c7DO KOH\u00cb, P\u00cbR K\u00cbDO Premium Residence ofron nj\u00eb zgjidhje t\u00eb p\u00ebrshtatshme p\u00ebr parkim n\u00eb zem\u00ebr t\u00eb qytetit. N\u00eb m\u00ebnyr\u00eb q\u00eb t\u00eb leht\u00ebsojm\u00eb jetes\u00ebn tuaj, kemi nd\u00ebrtuar nj\u00eb parking n\u00ebntok\u00ebsor dhe nj\u00eb parking mbi tok\u00eb me nj\u00eb sip\u00ebrfaqe prej rreth 18,000 m2. K\u00ebto dy parkinge ofrojn\u00eb vende t\u00eb p\u00ebrbashk\u00ebta parkimi n\u00eb katin p\u00ebrdhes dhe [&hellip;]\" \/>\n<meta property=\"og:url\" content=\"https:\/\/premiumresidence.mk\/al\/parkingu\/\" \/>\n<meta property=\"og:site_name\" content=\"Premium Residence\" \/>\n<meta property=\"article:modified_time\" content=\"2023-05-10T09:12:39+00:00\" \/>\n<meta name=\"twitter:card\" content=\"summary_large_image\" \/>\n<meta name=\"twitter:label1\" content=\"Est. reading time\" \/>\n\t<meta name=\"twitter:data1\" content=\"1 minut\u00eb\" \/>\n<script type=\"application\/ld+json\" class=\"yoast-schema-graph\">{\"@context\":\"https:\/\/schema.org\",\"@graph\":[{\"@type\":\"WebPage\",\"@id\":\"https:\/\/premiumresidence.mk\/mk\/parkingu\/\",\"url\":\"https:\/\/premiumresidence.mk\/mk\/parkingu\/\",\"name\":\"Parkingu - Premium Residence\",\"isPartOf\":{\"@id\":\"https:\/\/premiumresidence.mk\/al\/#website\"},\"datePublished\":\"2023-03-21T14:03:29+00:00\",\"dateModified\":\"2023-05-10T09:12:39+00:00\",\"breadcrumb\":{\"@id\":\"https:\/\/premiumresidence.mk\/mk\/parkingu\/#breadcrumb\"},\"inLanguage\":\"sq\",\"potentialAction\":[{\"@type\":\"ReadAction\",\"target\":[\"https:\/\/premiumresidence.mk\/mk\/parkingu\/\"]}]},{\"@type\":\"BreadcrumbList\",\"@id\":\"https:\/\/premiumresidence.mk\/mk\/parkingu\/#breadcrumb\",\"itemListElement\":[{\"@type\":\"ListItem\",\"position\":1,\"name\":\"Ballina\",\"item\":\"https:\/\/premiumresidence.mk\/\"},{\"@type\":\"ListItem\",\"position\":2,\"name\":\"Parkingu\"}]},{\"@type\":\"WebSite\",\"@id\":\"https:\/\/premiumresidence.mk\/al\/#website\",\"url\":\"https:\/\/premiumresidence.mk\/al\/\",\"name\":\"Premium Residence\",\"description\":\"Kompleks prestigjoz\",\"publisher\":{\"@id\":\"https:\/\/premiumresidence.mk\/al\/#organization\"},\"potentialAction\":[{\"@type\":\"SearchAction\",\"target\":{\"@type\":\"EntryPoint\",\"urlTemplate\":\"https:\/\/premiumresidence.mk\/al\/?s={search_term_string}\"},\"query-input\":{\"@type\":\"PropertyValueSpecification\",\"valueRequired\":true,\"valueName\":\"search_term_string\"}}],\"inLanguage\":\"sq\"},{\"@type\":\"Organization\",\"@id\":\"https:\/\/premiumresidence.mk\/al\/#organization\",\"name\":\"Premium Residence\",\"url\":\"https:\/\/premiumresidence.mk\/al\/\",\"logo\":{\"@type\":\"ImageObject\",\"inLanguage\":\"sq\",\"@id\":\"https:\/\/premiumresidence.mk\/al\/#\/schema\/logo\/image\/\",\"url\":\"https:\/\/premiumresidence.mk\/wp-content\/uploads\/2023\/03\/cropped-cropped-Untitled-2-01-1.png\",\"contentUrl\":\"https:\/\/premiumresidence.mk\/wp-content\/uploads\/2023\/03\/cropped-cropped-Untitled-2-01-1.png\",\"width\":511,\"height\":233,\"caption\":\"Premium Residence\"},\"image\":{\"@id\":\"https:\/\/premiumresidence.mk\/al\/#\/schema\/logo\/image\/\"}}]}<\/script>\n<!-- \/ Yoast SEO plugin. -->","yoast_head_json":{"title":"Parkingu - Premium Residence","robots":{"index":"index","follow":"follow","max-snippet":"max-snippet:-1","max-image-preview":"max-image-preview:large","max-video-preview":"max-video-preview:-1"},"canonical":"https:\/\/premiumresidence.mk\/al\/parkingu\/","og_locale":"sq_AL","og_type":"article","og_title":"Parkingu - Premium Residence","og_description":"PARKIMI N\u00cb \u00c7DO KOH\u00cb, P\u00cbR K\u00cbDO Premium Residence ofron nj\u00eb zgjidhje t\u00eb p\u00ebrshtatshme p\u00ebr parkim n\u00eb zem\u00ebr t\u00eb qytetit. N\u00eb m\u00ebnyr\u00eb q\u00eb t\u00eb leht\u00ebsojm\u00eb jetes\u00ebn tuaj, kemi nd\u00ebrtuar nj\u00eb parking n\u00ebntok\u00ebsor dhe nj\u00eb parking mbi tok\u00eb me nj\u00eb sip\u00ebrfaqe prej rreth 18,000 m2. K\u00ebto dy parkinge ofrojn\u00eb vende t\u00eb p\u00ebrbashk\u00ebta parkimi n\u00eb katin p\u00ebrdhes dhe [&hellip;]","og_url":"https:\/\/premiumresidence.mk\/al\/parkingu\/","og_site_name":"Premium Residence","article_modified_time":"2023-05-10T09:12:39+00:00","twitter_card":"summary_large_image","twitter_misc":{"Est. reading time":"1 minut\u00eb"},"schema":{"@context":"https:\/\/schema.org","@graph":[{"@type":"WebPage","@id":"https:\/\/premiumresidence.mk\/mk\/parkingu\/","url":"https:\/\/premiumresidence.mk\/mk\/parkingu\/","name":"Parkingu - Premium Residence","isPartOf":{"@id":"https:\/\/premiumresidence.mk\/al\/#website"},"datePublished":"2023-03-21T14:03:29+00:00","dateModified":"2023-05-10T09:12:39+00:00","breadcrumb":{"@id":"https:\/\/premiumresidence.mk\/mk\/parkingu\/#breadcrumb"},"inLanguage":"sq","potentialAction":[{"@type":"ReadAction","target":["https:\/\/premiumresidence.mk\/mk\/parkingu\/"]}]},{"@type":"BreadcrumbList","@id":"https:\/\/premiumresidence.mk\/mk\/parkingu\/#breadcrumb","itemListElement":[{"@type":"ListItem","position":1,"name":"Ballina","item":"https:\/\/premiumresidence.mk\/"},{"@type":"ListItem","position":2,"name":"Parkingu"}]},{"@type":"WebSite","@id":"https:\/\/premiumresidence.mk\/al\/#website","url":"https:\/\/premiumresidence.mk\/al\/","name":"Premium Residence","description":"Kompleks prestigjoz","publisher":{"@id":"https:\/\/premiumresidence.mk\/al\/#organization"},"potentialAction":[{"@type":"SearchAction","target":{"@type":"EntryPoint","urlTemplate":"https:\/\/premiumresidence.mk\/al\/?s={search_term_string}"},"query-input":{"@type":"PropertyValueSpecification","valueRequired":true,"valueName":"search_term_string"}}],"inLanguage":"sq"},{"@type":"Organization","@id":"https:\/\/premiumresidence.mk\/al\/#organization","name":"Premium Residence","url":"https:\/\/premiumresidence.mk\/al\/","logo":{"@type":"ImageObject","inLanguage":"sq","@id":"https:\/\/premiumresidence.mk\/al\/#\/schema\/logo\/image\/","url":"https:\/\/premiumresidence.mk\/wp-content\/uploads\/2023\/03\/cropped-cropped-Untitled-2-01-1.png","contentUrl":"https:\/\/premiumresidence.mk\/wp-content\/uploads\/2023\/03\/cropped-cropped-Untitled-2-01-1.png","width":511,"height":233,"caption":"Premium Residence"},"image":{"@id":"https:\/\/premiumresidence.mk\/al\/#\/schema\/logo\/image\/"}}]}},"_links":{"self":[{"href":"https:\/\/premiumresidence.mk\/al\/wp-json\/wp\/v2\/pages\/1781","targetHints":{"allow":["GET"]}}],"collection":[{"href":"https:\/\/premiumresidence.mk\/al\/wp-json\/wp\/v2\/pages"}],"about":[{"href":"https:\/\/premiumresidence.mk\/al\/wp-json\/wp\/v2\/types\/page"}],"author":[{"embeddable":true,"href":"https:\/\/premiumresidence.mk\/al\/wp-json\/wp\/v2\/users\/1"}],"replies":[{"embeddable":true,"href":"https:\/\/premiumresidence.mk\/al\/wp-json\/wp\/v2\/comments?post=1781"}],"version-history":[{"count":162,"href":"https:\/\/premiumresidence.mk\/al\/wp-json\/wp\/v2\/pages\/1781\/revisions"}],"predecessor-version":[{"id":5763,"href":"https:\/\/premiumresidence.mk\/al\/wp-json\/wp\/v2\/pages\/1781\/revisions\/5763"}],"wp:attachment":[{"href":"https:\/\/premiumresidence.mk\/al\/wp-json\/wp\/v2\/media?parent=1781"}],"curies":[{"name":"wp","href":"https:\/\/api.w.org\/{rel}","templated":true}]}}