{"id":1754,"date":"2023-03-21T13:39:02","date_gmt":"2023-03-21T13:39:02","guid":{"rendered":"https:\/\/premium.roitiv.com\/?page_id=1754"},"modified":"2023-05-26T09:04:11","modified_gmt":"2023-05-26T09:04:11","slug":"spa-fitness","status":"publish","type":"page","link":"https:\/\/premiumresidence.mk\/al\/spa-fitness\/","title":{"rendered":"Spa &#038; Fitness"},"content":{"rendered":"\t\t<div data-elementor-type=\"wp-page\" data-elementor-id=\"1754\" class=\"elementor elementor-1754\" data-elementor-post-type=\"page\">\n\t\t\t\t<div class=\"elementor-element elementor-element-2a966645 e-flex e-con-boxed e-con e-parent\" data-id=\"2a966645\" data-element_type=\"container\" data-settings=\"{&quot;background_background&quot;:&quot;classic&quot;}\">\n\t\t\t\t\t<div class=\"e-con-inner\">\n\t\t\t\t\t<\/div>\n\t\t\t\t<\/div>\n\t\t<div class=\"elementor-element elementor-element-395785e e-con-full e-flex e-con e-parent\" data-id=\"395785e\" data-element_type=\"container\" data-settings=\"{&quot;background_background&quot;:&quot;classic&quot;}\">\n\t\t<div class=\"elementor-element elementor-element-7f4be15 e-con-full e-flex e-con e-parent\" data-id=\"7f4be15\" data-element_type=\"container\">\n\t\t\t\t<div class=\"elementor-element elementor-element-9f50103 elementor-widget elementor-widget-heading\" data-id=\"9f50103\" data-element_type=\"widget\" data-widget_type=\"heading.default\">\n\t\t\t\t<div class=\"elementor-widget-container\">\n\t\t\t\t\t<h2 class=\"elementor-heading-title elementor-size-default\">01<\/h2>\t\t\t\t<\/div>\n\t\t\t\t<\/div>\n\t\t\t\t<div class=\"elementor-element elementor-element-b8f457f elementor-widget elementor-widget-heading\" data-id=\"b8f457f\" data-element_type=\"widget\" data-widget_type=\"heading.default\">\n\t\t\t\t<div class=\"elementor-widget-container\">\n\t\t\t\t\t<h2 class=\"elementor-heading-title elementor-size-default\">SPA DHE FITNESS\n<\/h2>\t\t\t\t<\/div>\n\t\t\t\t<\/div>\n\t\t\t\t<div class=\"elementor-element elementor-element-c00d116 elementor-widget elementor-widget-text-editor\" data-id=\"c00d116\" data-element_type=\"widget\" data-widget_type=\"text-editor.default\">\n\t\t\t\t<div class=\"elementor-widget-container\">\n\t\t\t\t\t\t\t\t\tDuke menduar p\u00ebr nevojat e shum\u00eb banor\u00ebve, Premium Residence ka n\u00eb plan t\u00eb nd\u00ebrtoj\u00eb nj\u00eb qend\u00ebr fitnesi dhe spa, e cila do t\u00eb ofroj\u00eb trajtime t\u00eb ndryshme t\u00eb kujdesit personal me paisjet m\u00eb moderne. Paisjet moderne t\u00eb qendr\u00ebs do t\u00eb jen\u00eb me standarde m\u00eb t\u00eb larta n\u00eb fush\u00ebn e rekreacionit, duke ofruar mund\u00ebsi p\u00ebr relaksim dhe pushim maksimal p\u00ebr banor\u00ebt.\n\n\n\n\n\t\t\t\t\t\t\t\t<\/div>\n\t\t\t\t<\/div>\n\t\t\t\t<div class=\"elementor-element elementor-element-7f9a67c elementor-align-left elementor-widget elementor-widget-button\" data-id=\"7f9a67c\" data-element_type=\"widget\" data-widget_type=\"button.default\">\n\t\t\t\t<div class=\"elementor-widget-container\">\n\t\t\t\t\t\t\t\t\t<div class=\"elementor-button-wrapper\">\n\t\t\t\t\t<a class=\"elementor-button elementor-button-link elementor-size-sm\" href=\"http:\/\/premiumresidence.mk\/rreth-nesh\/\">\n\t\t\t\t\t\t<span class=\"elementor-button-content-wrapper\">\n\t\t\t\t\t\t\t\t\t<span class=\"elementor-button-text\">Rreth nesh<\/span>\n\t\t\t\t\t<\/span>\n\t\t\t\t\t<\/a>\n\t\t\t\t<\/div>\n\t\t\t\t\t\t\t\t<\/div>\n\t\t\t\t<\/div>\n\t\t\t\t<\/div>\n\t\t\t\t<div class=\"elementor-element elementor-element-26bfa88 elementor-widget__width-initial elementor-widget elementor-widget-gallery\" data-id=\"26bfa88\" data-element_type=\"widget\" data-settings=\"{&quot;gallery_layout&quot;:&quot;masonry&quot;,&quot;columns&quot;:&quot;2&quot;,&quot;columns_mobile&quot;:2,&quot;lazyload&quot;:&quot;yes&quot;,&quot;columns_tablet&quot;:2,&quot;gap&quot;:{&quot;unit&quot;:&quot;px&quot;,&quot;size&quot;:10,&quot;sizes&quot;:[]},&quot;gap_tablet&quot;:{&quot;unit&quot;:&quot;px&quot;,&quot;size&quot;:10,&quot;sizes&quot;:[]},&quot;gap_mobile&quot;:{&quot;unit&quot;:&quot;px&quot;,&quot;size&quot;:10,&quot;sizes&quot;:[]}}\" data-widget_type=\"gallery.default\">\n\t\t\t\t<div class=\"elementor-widget-container\">\n\t\t\t\t\t\t\t<div class=\"elementor-gallery__container\">\n\t\t\t\t\t\t\t<div class=\"e-gallery-item elementor-gallery-item\">\n\t\t\t\t\t<div class=\"e-gallery-image elementor-gallery-item__image\" data-thumbnail=\"https:\/\/premiumresidence.mk\/wp-content\/uploads\/2023\/04\/Untitled-design-5.jpg\" data-width=\"413\" data-height=\"589\" aria-label=\"\" role=\"img\" ><\/div>\n\t\t\t\t\t\t\t\t\t\t\t\t\t\t<\/div>\n\t\t\t\t\t\t\t<div class=\"e-gallery-item elementor-gallery-item\">\n\t\t\t\t\t<div class=\"e-gallery-image elementor-gallery-item__image\" data-thumbnail=\"https:\/\/premiumresidence.mk\/wp-content\/uploads\/2023\/04\/Untitled-design-4-1.jpg\" data-width=\"413\" data-height=\"282\" aria-label=\"\" role=\"img\" ><\/div>\n\t\t\t\t\t\t\t\t\t\t\t\t\t\t<\/div>\n\t\t\t\t\t\t\t<div class=\"e-gallery-item elementor-gallery-item\">\n\t\t\t\t\t<div class=\"e-gallery-image elementor-gallery-item__image\" data-thumbnail=\"https:\/\/premiumresidence.mk\/wp-content\/uploads\/2023\/04\/Untitled-design-6.jpg\" data-width=\"1680\" data-height=\"1205\" aria-label=\"\" role=\"img\" ><\/div>\n\t\t\t\t\t\t\t\t\t\t\t\t\t\t<\/div>\n\t\t\t\t\t<\/div>\n\t\t\t\t\t<\/div>\n\t\t\t\t<\/div>\n\t\t\t\t<\/div>\n\t\t<div class=\"elementor-element elementor-element-8692efa e-con-full e-flex e-con e-parent\" data-id=\"8692efa\" data-element_type=\"container\" data-settings=\"{&quot;background_background&quot;:&quot;classic&quot;}\">\n\t\t<div class=\"elementor-element elementor-element-fa25be5 e-flex e-con-boxed e-con e-parent\" data-id=\"fa25be5\" data-element_type=\"container\">\n\t\t\t\t\t<div class=\"e-con-inner\">\n\t\t\t\t<div class=\"elementor-element elementor-element-4925371 elementor-widget elementor-widget-text-editor\" data-id=\"4925371\" data-element_type=\"widget\" data-widget_type=\"text-editor.default\">\n\t\t\t\t<div class=\"elementor-widget-container\">\n\t\t\t\t\t\t\t\t\tMadh\u00ebshtia dhe luksi i k\u00ebtij kompleksi do t\u00eb b\u00ebjn\u00eb jet\u00ebn m\u00eb t\u00eb bukur p\u00ebr mbi 450 familje q\u00eb do t\u00eb jetojn\u00eb k\u00ebtu. Premium Residence do t\u00eb sh\u00ebrbej\u00eb si nj\u00eb simbol i jet\u00ebs premium dhe do t\u00eb jet\u00eb pjes\u00eb e planeve urbanistike t\u00eb qytetit t\u00eb Shkupit, duke u b\u00ebr\u00eb nj\u00eb shembull ndryshimi dhe madh\u00ebshtie p\u00ebr zhvillimin e qytetit.\n\t\t\t\t\t\t\t\t<\/div>\n\t\t\t\t<\/div>\n\t\t\t\t\t<\/div>\n\t\t\t\t<\/div>\n\t\t\t\t<\/div>\n\t\t<div class=\"elementor-element elementor-element-49cfba1 e-con-full e-flex e-con e-parent\" data-id=\"49cfba1\" data-element_type=\"container\">\n\t\t\t\t<div class=\"elementor-element elementor-element-e2f53de elementor-widget elementor-widget-heading\" data-id=\"e2f53de\" data-element_type=\"widget\" data-widget_type=\"heading.default\">\n\t\t\t\t<div class=\"elementor-widget-container\">\n\t\t\t\t\t<h2 class=\"elementor-heading-title elementor-size-default\">02<\/h2>\t\t\t\t<\/div>\n\t\t\t\t<\/div>\n\t\t\t\t<div class=\"elementor-element elementor-element-b711ffc elementor-widget elementor-widget-heading\" data-id=\"b711ffc\" data-element_type=\"widget\" data-widget_type=\"heading.default\">\n\t\t\t\t<div class=\"elementor-widget-container\">\n\t\t\t\t\t<h2 class=\"elementor-heading-title elementor-size-default\">FOTO GALLERY<\/h2>\t\t\t\t<\/div>\n\t\t\t\t<\/div>\n\t\t\t\t<div class=\"elementor-element elementor-element-c1716b0 elementor-widget elementor-widget-gallery\" data-id=\"c1716b0\" data-element_type=\"widget\" data-settings=\"{&quot;gallery_layout&quot;:&quot;justified&quot;,&quot;ideal_row_height&quot;:{&quot;unit&quot;:&quot;px&quot;,&quot;size&quot;:380,&quot;sizes&quot;:[]},&quot;ideal_row_height_mobile&quot;:{&quot;unit&quot;:&quot;px&quot;,&quot;size&quot;:125,&quot;sizes&quot;:[]},&quot;lazyload&quot;:&quot;yes&quot;,&quot;ideal_row_height_tablet&quot;:{&quot;unit&quot;:&quot;px&quot;,&quot;size&quot;:150,&quot;sizes&quot;:[]},&quot;gap&quot;:{&quot;unit&quot;:&quot;px&quot;,&quot;size&quot;:10,&quot;sizes&quot;:[]},&quot;gap_tablet&quot;:{&quot;unit&quot;:&quot;px&quot;,&quot;size&quot;:10,&quot;sizes&quot;:[]},&quot;gap_mobile&quot;:{&quot;unit&quot;:&quot;px&quot;,&quot;size&quot;:10,&quot;sizes&quot;:[]},&quot;link_to&quot;:&quot;file&quot;,&quot;content_hover_animation&quot;:&quot;fade-in&quot;}\" data-widget_type=\"gallery.default\">\n\t\t\t\t<div class=\"elementor-widget-container\">\n\t\t\t\t\t\t\t<div class=\"elementor-gallery__container\">\n\t\t\t\t\t\t\t<a class=\"e-gallery-item elementor-gallery-item elementor-animated-content\" href=\"https:\/\/premiumresidence.mk\/wp-content\/uploads\/2023\/04\/gym-with-indoor-cycling-equipment-scaled.jpg\" data-elementor-open-lightbox=\"yes\" data-elementor-lightbox-slideshow=\"c1716b0\" data-elementor-lightbox-title=\"gym-with-indoor-cycling-equipment\" data-e-action-hash=\"#elementor-action%3Aaction%3Dlightbox%26settings%3DeyJpZCI6MzU1NSwidXJsIjoiaHR0cHM6XC9cL3ByZW1pdW1yZXNpZGVuY2UubWtcL3dwLWNvbnRlbnRcL3VwbG9hZHNcLzIwMjNcLzA0XC9neW0td2l0aC1pbmRvb3ItY3ljbGluZy1lcXVpcG1lbnQtc2NhbGVkLmpwZyIsInNsaWRlc2hvdyI6ImMxNzE2YjAifQ%3D%3D\">\n\t\t\t\t\t<div class=\"e-gallery-image elementor-gallery-item__image\" data-thumbnail=\"https:\/\/premiumresidence.mk\/wp-content\/uploads\/2023\/04\/gym-with-indoor-cycling-equipment-scaled.jpg\" data-width=\"2560\" data-height=\"1707\" aria-label=\"\" role=\"img\" ><\/div>\n\t\t\t\t\t\t\t\t\t\t\t\t\t\t<\/a>\n\t\t\t\t\t\t\t<a class=\"e-gallery-item elementor-gallery-item elementor-animated-content\" href=\"https:\/\/premiumresidence.mk\/wp-content\/uploads\/2023\/04\/happy-young-beautiful-couple-enjoying-head-massage-spa-1-scaled.jpg\" data-elementor-open-lightbox=\"yes\" data-elementor-lightbox-slideshow=\"c1716b0\" data-elementor-lightbox-title=\"happy young beautiful couple enjoying head massage at the spa\" data-e-action-hash=\"#elementor-action%3Aaction%3Dlightbox%26settings%3DeyJpZCI6MzU1MiwidXJsIjoiaHR0cHM6XC9cL3ByZW1pdW1yZXNpZGVuY2UubWtcL3dwLWNvbnRlbnRcL3VwbG9hZHNcLzIwMjNcLzA0XC9oYXBweS15b3VuZy1iZWF1dGlmdWwtY291cGxlLWVuam95aW5nLWhlYWQtbWFzc2FnZS1zcGEtMS1zY2FsZWQuanBnIiwic2xpZGVzaG93IjoiYzE3MTZiMCJ9\">\n\t\t\t\t\t<div class=\"e-gallery-image elementor-gallery-item__image\" data-thumbnail=\"https:\/\/premiumresidence.mk\/wp-content\/uploads\/2023\/04\/happy-young-beautiful-couple-enjoying-head-massage-spa-1-scaled.jpg\" data-width=\"2560\" data-height=\"1707\" aria-label=\"\" role=\"img\" ><\/div>\n\t\t\t\t\t\t\t\t\t\t\t\t\t\t<\/a>\n\t\t\t\t\t\t\t<a class=\"e-gallery-item elementor-gallery-item elementor-animated-content\" href=\"https:\/\/premiumresidence.mk\/wp-content\/uploads\/2023\/04\/modern-luxury-fitness-gym-2-scaled.jpg\" data-elementor-open-lightbox=\"yes\" data-elementor-lightbox-slideshow=\"c1716b0\" data-elementor-lightbox-title=\"3d rendering modern and luxury fitness and gym with carpet and c\" data-e-action-hash=\"#elementor-action%3Aaction%3Dlightbox%26settings%3DeyJpZCI6MzU1NiwidXJsIjoiaHR0cHM6XC9cL3ByZW1pdW1yZXNpZGVuY2UubWtcL3dwLWNvbnRlbnRcL3VwbG9hZHNcLzIwMjNcLzA0XC9tb2Rlcm4tbHV4dXJ5LWZpdG5lc3MtZ3ltLTItc2NhbGVkLmpwZyIsInNsaWRlc2hvdyI6ImMxNzE2YjAifQ%3D%3D\">\n\t\t\t\t\t<div class=\"e-gallery-image elementor-gallery-item__image\" data-thumbnail=\"https:\/\/premiumresidence.mk\/wp-content\/uploads\/2023\/04\/modern-luxury-fitness-gym-2-scaled.jpg\" data-width=\"2560\" data-height=\"2133\" aria-label=\"\" role=\"img\" ><\/div>\n\t\t\t\t\t\t\t\t\t\t\t\t\t\t<\/a>\n\t\t\t\t\t\t\t<a class=\"e-gallery-item elementor-gallery-item elementor-animated-content\" href=\"https:\/\/premiumresidence.mk\/wp-content\/uploads\/2023\/04\/equipment-machines-modern-gym-room-fitness-center-scaled.jpg\" data-elementor-open-lightbox=\"yes\" data-elementor-lightbox-slideshow=\"c1716b0\" data-elementor-lightbox-title=\"Gym Fitness Center Interior\" data-e-action-hash=\"#elementor-action%3Aaction%3Dlightbox%26settings%3DeyJpZCI6MzU1NywidXJsIjoiaHR0cHM6XC9cL3ByZW1pdW1yZXNpZGVuY2UubWtcL3dwLWNvbnRlbnRcL3VwbG9hZHNcLzIwMjNcLzA0XC9lcXVpcG1lbnQtbWFjaGluZXMtbW9kZXJuLWd5bS1yb29tLWZpdG5lc3MtY2VudGVyLXNjYWxlZC5qcGciLCJzbGlkZXNob3ciOiJjMTcxNmIwIn0%3D\">\n\t\t\t\t\t<div class=\"e-gallery-image elementor-gallery-item__image\" data-thumbnail=\"https:\/\/premiumresidence.mk\/wp-content\/uploads\/2023\/04\/equipment-machines-modern-gym-room-fitness-center-scaled.jpg\" data-width=\"2560\" data-height=\"1709\" aria-label=\"\" role=\"img\" ><\/div>\n\t\t\t\t\t\t\t\t\t\t\t\t\t\t<\/a>\n\t\t\t\t\t\t\t<a class=\"e-gallery-item elementor-gallery-item elementor-animated-content\" href=\"https:\/\/premiumresidence.mk\/wp-content\/uploads\/2023\/04\/woman-hot-tub-spa-1-scaled.jpg\" data-elementor-open-lightbox=\"yes\" data-elementor-lightbox-slideshow=\"c1716b0\" data-elementor-lightbox-title=\"Woman in hot tub in spa\" data-e-action-hash=\"#elementor-action%3Aaction%3Dlightbox%26settings%3DeyJpZCI6MzU1NCwidXJsIjoiaHR0cHM6XC9cL3ByZW1pdW1yZXNpZGVuY2UubWtcL3dwLWNvbnRlbnRcL3VwbG9hZHNcLzIwMjNcLzA0XC93b21hbi1ob3QtdHViLXNwYS0xLXNjYWxlZC5qcGciLCJzbGlkZXNob3ciOiJjMTcxNmIwIn0%3D\">\n\t\t\t\t\t<div class=\"e-gallery-image elementor-gallery-item__image\" data-thumbnail=\"https:\/\/premiumresidence.mk\/wp-content\/uploads\/2023\/04\/woman-hot-tub-spa-1-scaled.jpg\" data-width=\"2560\" data-height=\"1703\" aria-label=\"\" role=\"img\" ><\/div>\n\t\t\t\t\t\t\t\t\t\t\t\t\t\t<\/a>\n\t\t\t\t\t\t\t<a class=\"e-gallery-item elementor-gallery-item elementor-animated-content\" href=\"https:\/\/premiumresidence.mk\/wp-content\/uploads\/2023\/04\/young-woman-mask-face-relaxing-spa-salon-scaled.jpg\" data-elementor-open-lightbox=\"yes\" data-elementor-lightbox-slideshow=\"c1716b0\" data-elementor-lightbox-title=\"Young beautiful girl in mask for face relaxing in spa salon.\" data-e-action-hash=\"#elementor-action%3Aaction%3Dlightbox%26settings%3DeyJpZCI6MzU1MSwidXJsIjoiaHR0cHM6XC9cL3ByZW1pdW1yZXNpZGVuY2UubWtcL3dwLWNvbnRlbnRcL3VwbG9hZHNcLzIwMjNcLzA0XC95b3VuZy13b21hbi1tYXNrLWZhY2UtcmVsYXhpbmctc3BhLXNhbG9uLXNjYWxlZC5qcGciLCJzbGlkZXNob3ciOiJjMTcxNmIwIn0%3D\">\n\t\t\t\t\t<div class=\"e-gallery-image elementor-gallery-item__image\" data-thumbnail=\"https:\/\/premiumresidence.mk\/wp-content\/uploads\/2023\/04\/young-woman-mask-face-relaxing-spa-salon-scaled.jpg\" data-width=\"2560\" data-height=\"1709\" aria-label=\"\" role=\"img\" ><\/div>\n\t\t\t\t\t\t\t\t\t\t\t\t\t\t<\/a>\n\t\t\t\t\t<\/div>\n\t\t\t\t\t<\/div>\n\t\t\t\t<\/div>\n\t\t\t\t<\/div>\n\t\t<div class=\"elementor-element elementor-element-7f3048e elementor-hidden-desktop elementor-hidden-tablet elementor-hidden-mobile e-flex e-con-boxed e-con e-parent\" data-id=\"7f3048e\" data-element_type=\"container\">\n\t\t\t\t\t<div class=\"e-con-inner\">\n\t\t<div class=\"elementor-element elementor-element-1f474d6 e-flex e-con-boxed e-con e-parent\" data-id=\"1f474d6\" data-element_type=\"container\" data-settings=\"{&quot;background_background&quot;:&quot;classic&quot;}\">\n\t\t\t\t\t<div class=\"e-con-inner\">\n\t\t\t\t<div class=\"elementor-element elementor-element-9576607 elementor-widget elementor-widget-spacer\" data-id=\"9576607\" data-element_type=\"widget\" data-widget_type=\"spacer.default\">\n\t\t\t\t<div class=\"elementor-widget-container\">\n\t\t\t\t\t\t\t<div class=\"elementor-spacer\">\n\t\t\t<div class=\"elementor-spacer-inner\"><\/div>\n\t\t<\/div>\n\t\t\t\t\t\t<\/div>\n\t\t\t\t<\/div>\n\t\t\t\t\t<\/div>\n\t\t\t\t<\/div>\n\t\t<div class=\"elementor-element elementor-element-c56442e e-flex e-con-boxed e-con e-parent\" data-id=\"c56442e\" data-element_type=\"container\">\n\t\t\t\t\t<div class=\"e-con-inner\">\n\t\t\t\t<div class=\"elementor-element elementor-element-3cb7d1d elementor-widget elementor-widget-heading\" data-id=\"3cb7d1d\" data-element_type=\"widget\" data-widget_type=\"heading.default\">\n\t\t\t\t<div class=\"elementor-widget-container\">\n\t\t\t\t\t<h2 class=\"elementor-heading-title elementor-size-default\">Add Your Heading Text Here<\/h2>\t\t\t\t<\/div>\n\t\t\t\t<\/div>\n\t\t\t\t<div class=\"elementor-element elementor-element-834669f elementor-widget elementor-widget-text-editor\" data-id=\"834669f\" data-element_type=\"widget\" data-widget_type=\"text-editor.default\">\n\t\t\t\t<div class=\"elementor-widget-container\">\n\t\t\t\t\t\t\t\t\t<p>Lorem ipsum dolor sit amet, consectetur adipiscing elit. Ut elit tellus, luctus nec ullamcorper mattis, pulvinar dapibus leo.#1F223D<\/p>\t\t\t\t\t\t\t\t<\/div>\n\t\t\t\t<\/div>\n\t\t\t\t<div class=\"elementor-element elementor-element-67d2534 elementor-widget elementor-widget-text-editor\" data-id=\"67d2534\" data-element_type=\"widget\" data-widget_type=\"text-editor.default\">\n\t\t\t\t<div class=\"elementor-widget-container\">\n\t\t\t\t\t\t\t\t\t<p>Lorem ipsum dolor<\/p>\t\t\t\t\t\t\t\t<\/div>\n\t\t\t\t<\/div>\n\t\t\t\t<div class=\"elementor-element elementor-element-22fc464 elementor-widget elementor-widget-text-editor\" data-id=\"22fc464\" data-element_type=\"widget\" data-widget_type=\"text-editor.default\">\n\t\t\t\t<div class=\"elementor-widget-container\">\n\t\t\t\t\t\t\t\t\t<p>Lorem ipsum dolor sit amet, consectetur adipiscing elit. Ut elit tellus, luctus nec ullamcorper mattis, pulvinar dapibus leo.#1F223D<\/p>\t\t\t\t\t\t\t\t<\/div>\n\t\t\t\t<\/div>\n\t\t\t\t\t<\/div>\n\t\t\t\t<\/div>\n\t\t<div class=\"elementor-element elementor-element-d55e7b8 e-flex e-con-boxed e-con e-parent\" data-id=\"d55e7b8\" data-element_type=\"container\" data-settings=\"{&quot;background_background&quot;:&quot;classic&quot;}\">\n\t\t\t\t\t<div class=\"e-con-inner\">\n\t\t\t\t<div class=\"elementor-element elementor-element-165fd0f elementor-widget elementor-widget-spacer\" data-id=\"165fd0f\" data-element_type=\"widget\" data-widget_type=\"spacer.default\">\n\t\t\t\t<div class=\"elementor-widget-container\">\n\t\t\t\t\t\t\t<div class=\"elementor-spacer\">\n\t\t\t<div class=\"elementor-spacer-inner\"><\/div>\n\t\t<\/div>\n\t\t\t\t\t\t<\/div>\n\t\t\t\t<\/div>\n\t\t\t\t\t<\/div>\n\t\t\t\t<\/div>\n\t\t\t\t\t<\/div>\n\t\t\t\t<\/div>\n\t\t\t\t<\/div>\n\t\t","protected":false},"excerpt":{"rendered":"<p>01 SPA DHE FITNESS Duke menduar p\u00ebr nevojat e shum\u00eb banor\u00ebve, Premium Residence ka n\u00eb plan t\u00eb nd\u00ebrtoj\u00eb nj\u00eb qend\u00ebr fitnesi dhe spa, e cila do t\u00eb ofroj\u00eb trajtime t\u00eb ndryshme t\u00eb kujdesit personal me paisjet m\u00eb moderne. Paisjet moderne t\u00eb qendr\u00ebs do t\u00eb jen\u00eb me standarde m\u00eb t\u00eb larta n\u00eb fush\u00ebn e rekreacionit, duke [&hellip;]<\/p>\n","protected":false},"author":1,"featured_media":0,"parent":0,"menu_order":0,"comment_status":"closed","ping_status":"closed","template":"","meta":{"footnotes":""},"class_list":["post-1754","page","type-page","status-publish","hentry"],"yoast_head":"<!-- This site is optimized with the Yoast SEO plugin v25.2 - https:\/\/yoast.com\/wordpress\/plugins\/seo\/ -->\n<title>Spa &amp; Fitness - Premium Residence<\/title>\n<meta name=\"robots\" content=\"index, follow, max-snippet:-1, max-image-preview:large, max-video-preview:-1\" \/>\n<link rel=\"canonical\" href=\"https:\/\/premiumresidence.mk\/al\/spa-fitness\/\" \/>\n<meta property=\"og:locale\" content=\"sq_AL\" \/>\n<meta property=\"og:type\" content=\"article\" \/>\n<meta property=\"og:title\" content=\"Spa &amp; Fitness - Premium Residence\" \/>\n<meta property=\"og:description\" content=\"01 SPA DHE FITNESS Duke menduar p\u00ebr nevojat e shum\u00eb banor\u00ebve, Premium Residence ka n\u00eb plan t\u00eb nd\u00ebrtoj\u00eb nj\u00eb qend\u00ebr fitnesi dhe spa, e cila do t\u00eb ofroj\u00eb trajtime t\u00eb ndryshme t\u00eb kujdesit personal me paisjet m\u00eb moderne. Paisjet moderne t\u00eb qendr\u00ebs do t\u00eb jen\u00eb me standarde m\u00eb t\u00eb larta n\u00eb fush\u00ebn e rekreacionit, duke [&hellip;]\" \/>\n<meta property=\"og:url\" content=\"https:\/\/premiumresidence.mk\/al\/spa-fitness\/\" \/>\n<meta property=\"og:site_name\" content=\"Premium Residence\" \/>\n<meta property=\"article:modified_time\" content=\"2023-05-26T09:04:11+00:00\" \/>\n<meta name=\"twitter:card\" content=\"summary_large_image\" \/>\n<meta name=\"twitter:label1\" content=\"Est. reading time\" \/>\n\t<meta name=\"twitter:data1\" content=\"1 minut\u00eb\" \/>\n<script type=\"application\/ld+json\" class=\"yoast-schema-graph\">{\"@context\":\"https:\/\/schema.org\",\"@graph\":[{\"@type\":\"WebPage\",\"@id\":\"https:\/\/premiumresidence.mk\/al\/spa-fitness\/\",\"url\":\"https:\/\/premiumresidence.mk\/al\/spa-fitness\/\",\"name\":\"Spa & Fitness - Premium Residence\",\"isPartOf\":{\"@id\":\"https:\/\/premiumresidence.mk\/al\/#website\"},\"datePublished\":\"2023-03-21T13:39:02+00:00\",\"dateModified\":\"2023-05-26T09:04:11+00:00\",\"breadcrumb\":{\"@id\":\"https:\/\/premiumresidence.mk\/al\/spa-fitness\/#breadcrumb\"},\"inLanguage\":\"sq\",\"potentialAction\":[{\"@type\":\"ReadAction\",\"target\":[\"https:\/\/premiumresidence.mk\/al\/spa-fitness\/\"]}]},{\"@type\":\"BreadcrumbList\",\"@id\":\"https:\/\/premiumresidence.mk\/al\/spa-fitness\/#breadcrumb\",\"itemListElement\":[{\"@type\":\"ListItem\",\"position\":1,\"name\":\"Ballina\",\"item\":\"https:\/\/premiumresidence.mk\/\"},{\"@type\":\"ListItem\",\"position\":2,\"name\":\"Spa &#038; Fitness\"}]},{\"@type\":\"WebSite\",\"@id\":\"https:\/\/premiumresidence.mk\/al\/#website\",\"url\":\"https:\/\/premiumresidence.mk\/al\/\",\"name\":\"Premium Residence\",\"description\":\"Kompleks prestigjoz\",\"publisher\":{\"@id\":\"https:\/\/premiumresidence.mk\/al\/#organization\"},\"potentialAction\":[{\"@type\":\"SearchAction\",\"target\":{\"@type\":\"EntryPoint\",\"urlTemplate\":\"https:\/\/premiumresidence.mk\/al\/?s={search_term_string}\"},\"query-input\":{\"@type\":\"PropertyValueSpecification\",\"valueRequired\":true,\"valueName\":\"search_term_string\"}}],\"inLanguage\":\"sq\"},{\"@type\":\"Organization\",\"@id\":\"https:\/\/premiumresidence.mk\/al\/#organization\",\"name\":\"Premium Residence\",\"url\":\"https:\/\/premiumresidence.mk\/al\/\",\"logo\":{\"@type\":\"ImageObject\",\"inLanguage\":\"sq\",\"@id\":\"https:\/\/premiumresidence.mk\/al\/#\/schema\/logo\/image\/\",\"url\":\"https:\/\/premiumresidence.mk\/wp-content\/uploads\/2023\/03\/cropped-cropped-Untitled-2-01-1.png\",\"contentUrl\":\"https:\/\/premiumresidence.mk\/wp-content\/uploads\/2023\/03\/cropped-cropped-Untitled-2-01-1.png\",\"width\":511,\"height\":233,\"caption\":\"Premium Residence\"},\"image\":{\"@id\":\"https:\/\/premiumresidence.mk\/al\/#\/schema\/logo\/image\/\"}}]}<\/script>\n<!-- \/ Yoast SEO plugin. -->","yoast_head_json":{"title":"Spa & Fitness - Premium Residence","robots":{"index":"index","follow":"follow","max-snippet":"max-snippet:-1","max-image-preview":"max-image-preview:large","max-video-preview":"max-video-preview:-1"},"canonical":"https:\/\/premiumresidence.mk\/al\/spa-fitness\/","og_locale":"sq_AL","og_type":"article","og_title":"Spa & Fitness - Premium Residence","og_description":"01 SPA DHE FITNESS Duke menduar p\u00ebr nevojat e shum\u00eb banor\u00ebve, Premium Residence ka n\u00eb plan t\u00eb nd\u00ebrtoj\u00eb nj\u00eb qend\u00ebr fitnesi dhe spa, e cila do t\u00eb ofroj\u00eb trajtime t\u00eb ndryshme t\u00eb kujdesit personal me paisjet m\u00eb moderne. Paisjet moderne t\u00eb qendr\u00ebs do t\u00eb jen\u00eb me standarde m\u00eb t\u00eb larta n\u00eb fush\u00ebn e rekreacionit, duke [&hellip;]","og_url":"https:\/\/premiumresidence.mk\/al\/spa-fitness\/","og_site_name":"Premium Residence","article_modified_time":"2023-05-26T09:04:11+00:00","twitter_card":"summary_large_image","twitter_misc":{"Est. reading time":"1 minut\u00eb"},"schema":{"@context":"https:\/\/schema.org","@graph":[{"@type":"WebPage","@id":"https:\/\/premiumresidence.mk\/al\/spa-fitness\/","url":"https:\/\/premiumresidence.mk\/al\/spa-fitness\/","name":"Spa & Fitness - Premium Residence","isPartOf":{"@id":"https:\/\/premiumresidence.mk\/al\/#website"},"datePublished":"2023-03-21T13:39:02+00:00","dateModified":"2023-05-26T09:04:11+00:00","breadcrumb":{"@id":"https:\/\/premiumresidence.mk\/al\/spa-fitness\/#breadcrumb"},"inLanguage":"sq","potentialAction":[{"@type":"ReadAction","target":["https:\/\/premiumresidence.mk\/al\/spa-fitness\/"]}]},{"@type":"BreadcrumbList","@id":"https:\/\/premiumresidence.mk\/al\/spa-fitness\/#breadcrumb","itemListElement":[{"@type":"ListItem","position":1,"name":"Ballina","item":"https:\/\/premiumresidence.mk\/"},{"@type":"ListItem","position":2,"name":"Spa &#038; Fitness"}]},{"@type":"WebSite","@id":"https:\/\/premiumresidence.mk\/al\/#website","url":"https:\/\/premiumresidence.mk\/al\/","name":"Premium Residence","description":"Kompleks prestigjoz","publisher":{"@id":"https:\/\/premiumresidence.mk\/al\/#organization"},"potentialAction":[{"@type":"SearchAction","target":{"@type":"EntryPoint","urlTemplate":"https:\/\/premiumresidence.mk\/al\/?s={search_term_string}"},"query-input":{"@type":"PropertyValueSpecification","valueRequired":true,"valueName":"search_term_string"}}],"inLanguage":"sq"},{"@type":"Organization","@id":"https:\/\/premiumresidence.mk\/al\/#organization","name":"Premium Residence","url":"https:\/\/premiumresidence.mk\/al\/","logo":{"@type":"ImageObject","inLanguage":"sq","@id":"https:\/\/premiumresidence.mk\/al\/#\/schema\/logo\/image\/","url":"https:\/\/premiumresidence.mk\/wp-content\/uploads\/2023\/03\/cropped-cropped-Untitled-2-01-1.png","contentUrl":"https:\/\/premiumresidence.mk\/wp-content\/uploads\/2023\/03\/cropped-cropped-Untitled-2-01-1.png","width":511,"height":233,"caption":"Premium Residence"},"image":{"@id":"https:\/\/premiumresidence.mk\/al\/#\/schema\/logo\/image\/"}}]}},"_links":{"self":[{"href":"https:\/\/premiumresidence.mk\/al\/wp-json\/wp\/v2\/pages\/1754","targetHints":{"allow":["GET"]}}],"collection":[{"href":"https:\/\/premiumresidence.mk\/al\/wp-json\/wp\/v2\/pages"}],"about":[{"href":"https:\/\/premiumresidence.mk\/al\/wp-json\/wp\/v2\/types\/page"}],"author":[{"embeddable":true,"href":"https:\/\/premiumresidence.mk\/al\/wp-json\/wp\/v2\/users\/1"}],"replies":[{"embeddable":true,"href":"https:\/\/premiumresidence.mk\/al\/wp-json\/wp\/v2\/comments?post=1754"}],"version-history":[{"count":192,"href":"https:\/\/premiumresidence.mk\/al\/wp-json\/wp\/v2\/pages\/1754\/revisions"}],"predecessor-version":[{"id":6700,"href":"https:\/\/premiumresidence.mk\/al\/wp-json\/wp\/v2\/pages\/1754\/revisions\/6700"}],"wp:attachment":[{"href":"https:\/\/premiumresidence.mk\/al\/wp-json\/wp\/v2\/media?parent=1754"}],"curies":[{"name":"wp","href":"https:\/\/api.w.org\/{rel}","templated":true}]}}