{"id":1525,"date":"2023-03-18T15:04:52","date_gmt":"2023-03-18T15:04:52","guid":{"rendered":"https:\/\/premium.roitiv.com\/?page_id=1525"},"modified":"2023-05-10T09:04:01","modified_gmt":"2023-05-10T09:04:01","slug":"investitoret","status":"publish","type":"page","link":"https:\/\/premiumresidence.mk\/al\/investitoret\/","title":{"rendered":"Investitor\u00ebt"},"content":{"rendered":"\t\t<div data-elementor-type=\"wp-page\" data-elementor-id=\"1525\" class=\"elementor elementor-1525\" data-elementor-post-type=\"page\">\n\t\t\t\t<div class=\"elementor-element elementor-element-71cb335 e-flex e-con-boxed e-con e-parent\" data-id=\"71cb335\" data-element_type=\"container\" data-settings=\"{&quot;background_background&quot;:&quot;classic&quot;}\">\n\t\t\t\t\t<div class=\"e-con-inner\">\n\t\t\t\t\t<\/div>\n\t\t\t\t<\/div>\n\t\t<div class=\"elementor-element elementor-element-555a7eda e-con-full e-flex e-con e-parent\" data-id=\"555a7eda\" data-element_type=\"container\" data-settings=\"{&quot;background_background&quot;:&quot;classic&quot;}\">\n\t\t<div class=\"elementor-element elementor-element-1676a609 e-con-full e-flex e-con e-parent\" data-id=\"1676a609\" data-element_type=\"container\">\n\t\t\t\t<div class=\"elementor-element elementor-element-67700be elementor-widget elementor-widget-heading\" data-id=\"67700be\" data-element_type=\"widget\" data-widget_type=\"heading.default\">\n\t\t\t\t<div class=\"elementor-widget-container\">\n\t\t\t\t\t<h2 class=\"elementor-heading-title elementor-size-default\">Maliqi Group<\/h2>\t\t\t\t<\/div>\n\t\t\t\t<\/div>\n\t\t\t\t<div class=\"elementor-element elementor-element-978bb84 elementor-widget elementor-widget-text-editor\" data-id=\"978bb84\" data-element_type=\"widget\" data-widget_type=\"text-editor.default\">\n\t\t\t\t<div class=\"elementor-widget-container\">\n\t\t\t\t\t\t\t\t\t<p>Prej 30 vitesh ne jemi sinonim i lidershipit n\u00eb treg dhe punojm\u00eb sipas trendeve, inovacioneve dhe standardeve m\u00eb t\u00eb larta bot\u00ebrore n\u00eb Maqedoni, Shqip\u00ebri dhe Kosov\u00eb. T\u00eb nxitur nga ambicia p\u00ebr t\u00eb ngritur bizneset tona dhe d\u00ebshira p\u00ebr t\u00eb shtrir\u00eb aktivitetin ton\u00eb n\u00eb sa m\u00eb shum\u00eb tregje dhe klient\u00eb, ne kemi zgjeruar fush\u00ebn e pun\u00ebs n\u00eb disa segmente, n\u00eb m\u00ebnyr\u00eb kronologjike. Ne po punojm\u00eb p\u00ebr t\u00eb ruajtur dhe forcuar vlerat tona t\u00eb pun\u00ebs, t\u00eb cilat jan\u00eb themeli i suksesit ton\u00eb t\u00eb gjat\u00eb. Vlerat q\u00eb ushqejm\u00eb brenda ton\u00eb dhe ndaj pal\u00ebve tona t\u00eb interesit jan\u00eb t\u00eb trash\u00ebguara nga <a href=\"https:\/\/maliqigroup.com\/home-mobile\/\">familja jon\u00eb<\/a> dhe jan\u00eb t\u00eb p\u00ebrfshira thell\u00eb n\u00eb \u00e7do segment t\u00eb biznesit ton\u00eb. Ne frym\u00ebzojm\u00eb p\u00ebrparimin, udh\u00ebheqjen dhe sip\u00ebrmarrjen duke respektuar tradit\u00ebn, duke funksionuar n\u00eb m\u00ebnyr\u00eb transparente dhe duke ofruar cil\u00ebsi t\u00eb lart\u00eb, duke nd\u00ebrtuar partneritete t\u00eb bazuara n\u00eb besim, respekt reciprok dhe zhvillim t\u00eb biznesit. Q\u00ebllimi yn\u00eb nuk \u00ebsht\u00eb vet\u00ebm t\u00eb ruajm\u00eb dhe ushqejm\u00eb, por edhe t&#8217;i p\u00ebrmir\u00ebsojm\u00eb bashk\u00ebrisht k\u00ebto vlera. Misioni yn\u00eb \u00ebsht\u00eb t\u00eb vazhdojm\u00eb tradit\u00ebn e investimit n\u00eb burime njer\u00ebzore cil\u00ebsore, t\u00eb aplikojm\u00eb standarde t\u00eb larta bot\u00ebrore n\u00eb operacionet tona dhe t\u00eb zgjerojm\u00eb vazhdimisht aktivitetet tona t\u00eb biznesit, duke shtyr\u00eb kufijt\u00eb e mundshme p\u00ebrmes kohezionit dhe duke ecur p\u00ebrpara s\u00eb bashku si nj\u00eb familje. Vizioni yn\u00eb \u00ebsht\u00eb q\u00eb, si nj\u00eb kompani e re Holding me nj\u00eb portofol t\u00eb gjer\u00eb aktivitetesh, t\u00eb ruajm\u00eb pozicionin ton\u00eb si lider\u00eb n\u00eb segmente t\u00eb ndryshme t\u00eb operacioneve duke ofruar cil\u00ebsi dhe sh\u00ebrbim t\u00eb lart\u00eb p\u00ebr klient\u00ebt tan\u00eb, duke ndjekur trendet bot\u00ebrore, duke aplikuar modele dhe inovacione t\u00eb reja biznesi, dhe duke rritur vazhdimisht vler\u00ebn q\u00eb ofrojm\u00eb pal\u00ebve tona t\u00eb interesit.<\/p>\t\t\t\t\t\t\t\t<\/div>\n\t\t\t\t<\/div>\n\t\t\t\t<div class=\"elementor-element elementor-element-c1053c9 elementor-align-left elementor-widget elementor-widget-button\" data-id=\"c1053c9\" data-element_type=\"widget\" data-widget_type=\"button.default\">\n\t\t\t\t<div class=\"elementor-widget-container\">\n\t\t\t\t\t\t\t\t\t<div class=\"elementor-button-wrapper\">\n\t\t\t\t\t<a class=\"elementor-button elementor-button-link elementor-size-sm\" href=\"https:\/\/maliqigroup.com\/home-mobile\/\">\n\t\t\t\t\t\t<span class=\"elementor-button-content-wrapper\">\n\t\t\t\t\t\t\t\t\t<span class=\"elementor-button-text\">Vizito faqen<\/span>\n\t\t\t\t\t<\/span>\n\t\t\t\t\t<\/a>\n\t\t\t\t<\/div>\n\t\t\t\t\t\t\t\t<\/div>\n\t\t\t\t<\/div>\n\t\t\t\t<\/div>\n\t\t<div class=\"elementor-element elementor-element-84d2962 e-con-full e-flex e-con e-parent\" data-id=\"84d2962\" data-element_type=\"container\">\n\t\t\t\t<div class=\"elementor-element elementor-element-3c0320ae elementor-widget__width-inherit elementor-widget-tablet__width-inherit elementor-widget elementor-widget-image\" data-id=\"3c0320ae\" data-element_type=\"widget\" data-widget_type=\"image.default\">\n\t\t\t\t<div class=\"elementor-widget-container\">\n\t\t\t\t\t\t\t\t\t\t\t\t\t\t\t<img fetchpriority=\"high\" decoding=\"async\" width=\"758\" height=\"520\" src=\"https:\/\/premiumresidence.mk\/wp-content\/uploads\/2023\/03\/Artboard-1-8-758x520-1.png\" class=\"attachment-large size-large wp-image-1622\" alt=\"\" srcset=\"https:\/\/premiumresidence.mk\/wp-content\/uploads\/2023\/03\/Artboard-1-8-758x520-1.png 758w, https:\/\/premiumresidence.mk\/wp-content\/uploads\/2023\/03\/Artboard-1-8-758x520-1-300x206.png 300w\" sizes=\"(max-width: 758px) 100vw, 758px\" \/>\t\t\t\t\t\t\t\t\t\t\t\t\t\t\t<\/div>\n\t\t\t\t<\/div>\n\t\t\t\t<\/div>\n\t\t\t\t<\/div>\n\t\t<div class=\"elementor-element elementor-element-fd93521 e-con-full e-flex e-con e-parent\" data-id=\"fd93521\" data-element_type=\"container\" data-settings=\"{&quot;background_background&quot;:&quot;classic&quot;}\">\n\t\t\t\t<div class=\"elementor-element elementor-element-52ebf5b elementor-widget__width-initial elementor-widget-tablet__width-inherit elementor-widget elementor-widget-image\" data-id=\"52ebf5b\" data-element_type=\"widget\" data-widget_type=\"image.default\">\n\t\t\t\t<div class=\"elementor-widget-container\">\n\t\t\t\t\t\t\t\t\t\t\t\t\t\t\t<img decoding=\"async\" width=\"500\" height=\"500\" src=\"https:\/\/premiumresidence.mk\/wp-content\/uploads\/2023\/03\/1-2.png\" class=\"attachment-large size-large wp-image-1639\" alt=\"\" srcset=\"https:\/\/premiumresidence.mk\/wp-content\/uploads\/2023\/03\/1-2.png 500w, https:\/\/premiumresidence.mk\/wp-content\/uploads\/2023\/03\/1-2-300x300.png 300w, https:\/\/premiumresidence.mk\/wp-content\/uploads\/2023\/03\/1-2-150x150.png 150w\" sizes=\"(max-width: 500px) 100vw, 500px\" \/>\t\t\t\t\t\t\t\t\t\t\t\t\t\t\t<\/div>\n\t\t\t\t<\/div>\n\t\t<div class=\"elementor-element elementor-element-7a45c6b e-con-full e-flex e-con e-parent\" data-id=\"7a45c6b\" data-element_type=\"container\">\n\t\t\t\t<div class=\"elementor-element elementor-element-aa9e245 elementor-widget elementor-widget-heading\" data-id=\"aa9e245\" data-element_type=\"widget\" data-widget_type=\"heading.default\">\n\t\t\t\t<div class=\"elementor-widget-container\">\n\t\t\t\t\t<h2 class=\"elementor-heading-title elementor-size-default\">Rajan Engineering<\/h2>\t\t\t\t<\/div>\n\t\t\t\t<\/div>\n\t\t\t\t<div class=\"elementor-element elementor-element-af8c31f elementor-widget elementor-widget-text-editor\" data-id=\"af8c31f\" data-element_type=\"widget\" data-widget_type=\"text-editor.default\">\n\t\t\t\t<div class=\"elementor-widget-container\">\n\t\t\t\t\t\t\t\t\t<p>N\u00eb partneritet me RAJANA Engineering, nj\u00eb kompani nd\u00ebrkomb\u00ebtare me nj\u00eb num\u00ebr t\u00eb madh projektesh jasht\u00eb Maqedonis\u00eb, \u00ebsht\u00eb krijuar ky projekt i ri, ky kompleks premium rezidencial n\u00eb zem\u00ebr t\u00eb qytetit! Pronari i RAJANA Engineering \u00ebsht\u00eb gjithashtu pronar i nj\u00eb kompanie t\u00eb mir\u00ebnjohur nd\u00ebrtimore t\u00eb vendosur n\u00eb Zvic\u00ebr, e njohur n\u00eb treg si Shuki immobilier AS. Kompania ka nd\u00ebrtuar deri m\u00eb tani 8 nd\u00ebrtesa banimi dhe nj\u00eb nd\u00ebrtes\u00eb tregtare n\u00eb qytetet evropiane t\u00eb Freiburg dhe Bern. Shuki immobilier AS ka ekzistuar q\u00eb nga viti 2012 dhe \u00ebsht\u00eb zgjeruar p\u00ebr t\u00eb p\u00ebrfshir\u00eb edhe Inxhinierin\u00eb RAJANA. Premium Residence \u00ebsht\u00eb nj\u00eb projekt i b\u00ebr\u00eb sipas standardeve evropiane q\u00eb ofron cil\u00ebsi t\u00eb lart\u00eb t\u00eb jet\u00ebs!<\/p><p>Nj\u00ebkoh\u00ebsisht RAJANA Engineering ka n\u00eb pron\u00ebsi edhe Laboratorin AvicenaKS\u00a0 i cili \u00ebsht\u00eb nj\u00eb lider n\u00eb fush\u00ebn e diagnostikimit laboratorik ,i cili ofron nj\u00eb gam\u00eb t\u00eb gjer\u00eb testesh rutinore dhe inovative n\u00eb t\u00eb gjitha fushat e patologjis\u00eb klinike. Laboratori Avicena \u00ebsht\u00eb angazhuar n\u00eb testimin e mostrave nga fushat e biokimis\u00eb dhe mikrobiologjis\u00eb, n\u00eb p\u00ebrputhje me standardet m\u00eb t\u00eb larta t\u00eb cil\u00ebsis\u00eb dhe k\u00ebrkesat e p\u00ebrdoruesve.<\/p>\t\t\t\t\t\t\t\t<\/div>\n\t\t\t\t<\/div>\n\t\t\t\t<div class=\"elementor-element elementor-element-2755490 elementor-align-left elementor-widget elementor-widget-button\" data-id=\"2755490\" data-element_type=\"widget\" data-widget_type=\"button.default\">\n\t\t\t\t<div class=\"elementor-widget-container\">\n\t\t\t\t\t\t\t\t\t<div class=\"elementor-button-wrapper\">\n\t\t\t\t\t<a class=\"elementor-button elementor-size-sm\" role=\"button\">\n\t\t\t\t\t\t<span class=\"elementor-button-content-wrapper\">\n\t\t\t\t\t\t\t\t\t<span class=\"elementor-button-text\">Vizito faqen<\/span>\n\t\t\t\t\t<\/span>\n\t\t\t\t\t<\/a>\n\t\t\t\t<\/div>\n\t\t\t\t\t\t\t\t<\/div>\n\t\t\t\t<\/div>\n\t\t\t\t<\/div>\n\t\t\t\t<\/div>\n\t\t\t\t<\/div>\n\t\t","protected":false},"excerpt":{"rendered":"<p>Maliqi Group Prej 30 vitesh ne jemi sinonim i lidershipit n\u00eb treg dhe punojm\u00eb sipas trendeve, inovacioneve dhe standardeve m\u00eb t\u00eb larta bot\u00ebrore n\u00eb Maqedoni, Shqip\u00ebri dhe Kosov\u00eb. T\u00eb nxitur nga ambicia p\u00ebr t\u00eb ngritur bizneset tona dhe d\u00ebshira p\u00ebr t\u00eb shtrir\u00eb aktivitetin ton\u00eb n\u00eb sa m\u00eb shum\u00eb tregje dhe klient\u00eb, ne kemi zgjeruar fush\u00ebn [&hellip;]<\/p>\n","protected":false},"author":1,"featured_media":0,"parent":0,"menu_order":0,"comment_status":"closed","ping_status":"closed","template":"","meta":{"footnotes":""},"class_list":["post-1525","page","type-page","status-publish","hentry"],"yoast_head":"<!-- This site is optimized with the Yoast SEO plugin v25.2 - https:\/\/yoast.com\/wordpress\/plugins\/seo\/ -->\n<title>Investitor\u00ebt - Premium Residence<\/title>\n<meta name=\"robots\" content=\"index, follow, max-snippet:-1, max-image-preview:large, max-video-preview:-1\" \/>\n<link rel=\"canonical\" href=\"https:\/\/premiumresidence.mk\/al\/investitoret\/\" \/>\n<meta property=\"og:locale\" content=\"sq_AL\" \/>\n<meta property=\"og:type\" content=\"article\" \/>\n<meta property=\"og:title\" content=\"Investitor\u00ebt - Premium Residence\" \/>\n<meta property=\"og:description\" content=\"Maliqi Group Prej 30 vitesh ne jemi sinonim i lidershipit n\u00eb treg dhe punojm\u00eb sipas trendeve, inovacioneve dhe standardeve m\u00eb t\u00eb larta bot\u00ebrore n\u00eb Maqedoni, Shqip\u00ebri dhe Kosov\u00eb. T\u00eb nxitur nga ambicia p\u00ebr t\u00eb ngritur bizneset tona dhe d\u00ebshira p\u00ebr t\u00eb shtrir\u00eb aktivitetin ton\u00eb n\u00eb sa m\u00eb shum\u00eb tregje dhe klient\u00eb, ne kemi zgjeruar fush\u00ebn [&hellip;]\" \/>\n<meta property=\"og:url\" content=\"https:\/\/premiumresidence.mk\/al\/investitoret\/\" \/>\n<meta property=\"og:site_name\" content=\"Premium Residence\" \/>\n<meta property=\"article:modified_time\" content=\"2023-05-10T09:04:01+00:00\" \/>\n<meta property=\"og:image\" content=\"https:\/\/premium.roitiv.com\/wp-content\/uploads\/2023\/03\/Artboard-1-8-758x520-1.png\" \/>\n<meta name=\"twitter:card\" content=\"summary_large_image\" \/>\n<meta name=\"twitter:label1\" content=\"Est. reading time\" \/>\n\t<meta name=\"twitter:data1\" content=\"3 minuta\" \/>\n<script type=\"application\/ld+json\" class=\"yoast-schema-graph\">{\"@context\":\"https:\/\/schema.org\",\"@graph\":[{\"@type\":\"WebPage\",\"@id\":\"https:\/\/premiumresidence.mk\/al\/investitoret\/\",\"url\":\"https:\/\/premiumresidence.mk\/al\/investitoret\/\",\"name\":\"Investitor\u00ebt - Premium Residence\",\"isPartOf\":{\"@id\":\"https:\/\/premiumresidence.mk\/al\/#website\"},\"primaryImageOfPage\":{\"@id\":\"https:\/\/premiumresidence.mk\/al\/investitoret\/#primaryimage\"},\"image\":{\"@id\":\"https:\/\/premiumresidence.mk\/al\/investitoret\/#primaryimage\"},\"thumbnailUrl\":\"https:\/\/premium.roitiv.com\/wp-content\/uploads\/2023\/03\/Artboard-1-8-758x520-1.png\",\"datePublished\":\"2023-03-18T15:04:52+00:00\",\"dateModified\":\"2023-05-10T09:04:01+00:00\",\"breadcrumb\":{\"@id\":\"https:\/\/premiumresidence.mk\/al\/investitoret\/#breadcrumb\"},\"inLanguage\":\"sq\",\"potentialAction\":[{\"@type\":\"ReadAction\",\"target\":[\"https:\/\/premiumresidence.mk\/al\/investitoret\/\"]}]},{\"@type\":\"ImageObject\",\"inLanguage\":\"sq\",\"@id\":\"https:\/\/premiumresidence.mk\/al\/investitoret\/#primaryimage\",\"url\":\"https:\/\/premium.roitiv.com\/wp-content\/uploads\/2023\/03\/Artboard-1-8-758x520-1.png\",\"contentUrl\":\"https:\/\/premium.roitiv.com\/wp-content\/uploads\/2023\/03\/Artboard-1-8-758x520-1.png\"},{\"@type\":\"BreadcrumbList\",\"@id\":\"https:\/\/premiumresidence.mk\/al\/investitoret\/#breadcrumb\",\"itemListElement\":[{\"@type\":\"ListItem\",\"position\":1,\"name\":\"Ballina\",\"item\":\"https:\/\/premiumresidence.mk\/\"},{\"@type\":\"ListItem\",\"position\":2,\"name\":\"Investitor\u00ebt\"}]},{\"@type\":\"WebSite\",\"@id\":\"https:\/\/premiumresidence.mk\/al\/#website\",\"url\":\"https:\/\/premiumresidence.mk\/al\/\",\"name\":\"Premium Residence\",\"description\":\"Kompleks prestigjoz\",\"publisher\":{\"@id\":\"https:\/\/premiumresidence.mk\/al\/#organization\"},\"potentialAction\":[{\"@type\":\"SearchAction\",\"target\":{\"@type\":\"EntryPoint\",\"urlTemplate\":\"https:\/\/premiumresidence.mk\/al\/?s={search_term_string}\"},\"query-input\":{\"@type\":\"PropertyValueSpecification\",\"valueRequired\":true,\"valueName\":\"search_term_string\"}}],\"inLanguage\":\"sq\"},{\"@type\":\"Organization\",\"@id\":\"https:\/\/premiumresidence.mk\/al\/#organization\",\"name\":\"Premium Residence\",\"url\":\"https:\/\/premiumresidence.mk\/al\/\",\"logo\":{\"@type\":\"ImageObject\",\"inLanguage\":\"sq\",\"@id\":\"https:\/\/premiumresidence.mk\/al\/#\/schema\/logo\/image\/\",\"url\":\"https:\/\/premiumresidence.mk\/wp-content\/uploads\/2023\/03\/cropped-cropped-Untitled-2-01-1.png\",\"contentUrl\":\"https:\/\/premiumresidence.mk\/wp-content\/uploads\/2023\/03\/cropped-cropped-Untitled-2-01-1.png\",\"width\":511,\"height\":233,\"caption\":\"Premium Residence\"},\"image\":{\"@id\":\"https:\/\/premiumresidence.mk\/al\/#\/schema\/logo\/image\/\"}}]}<\/script>\n<!-- \/ Yoast SEO plugin. -->","yoast_head_json":{"title":"Investitor\u00ebt - Premium Residence","robots":{"index":"index","follow":"follow","max-snippet":"max-snippet:-1","max-image-preview":"max-image-preview:large","max-video-preview":"max-video-preview:-1"},"canonical":"https:\/\/premiumresidence.mk\/al\/investitoret\/","og_locale":"sq_AL","og_type":"article","og_title":"Investitor\u00ebt - Premium Residence","og_description":"Maliqi Group Prej 30 vitesh ne jemi sinonim i lidershipit n\u00eb treg dhe punojm\u00eb sipas trendeve, inovacioneve dhe standardeve m\u00eb t\u00eb larta bot\u00ebrore n\u00eb Maqedoni, Shqip\u00ebri dhe Kosov\u00eb. T\u00eb nxitur nga ambicia p\u00ebr t\u00eb ngritur bizneset tona dhe d\u00ebshira p\u00ebr t\u00eb shtrir\u00eb aktivitetin ton\u00eb n\u00eb sa m\u00eb shum\u00eb tregje dhe klient\u00eb, ne kemi zgjeruar fush\u00ebn [&hellip;]","og_url":"https:\/\/premiumresidence.mk\/al\/investitoret\/","og_site_name":"Premium Residence","article_modified_time":"2023-05-10T09:04:01+00:00","og_image":[{"url":"https:\/\/premium.roitiv.com\/wp-content\/uploads\/2023\/03\/Artboard-1-8-758x520-1.png","type":"","width":"","height":""}],"twitter_card":"summary_large_image","twitter_misc":{"Est. reading time":"3 minuta"},"schema":{"@context":"https:\/\/schema.org","@graph":[{"@type":"WebPage","@id":"https:\/\/premiumresidence.mk\/al\/investitoret\/","url":"https:\/\/premiumresidence.mk\/al\/investitoret\/","name":"Investitor\u00ebt - Premium Residence","isPartOf":{"@id":"https:\/\/premiumresidence.mk\/al\/#website"},"primaryImageOfPage":{"@id":"https:\/\/premiumresidence.mk\/al\/investitoret\/#primaryimage"},"image":{"@id":"https:\/\/premiumresidence.mk\/al\/investitoret\/#primaryimage"},"thumbnailUrl":"https:\/\/premium.roitiv.com\/wp-content\/uploads\/2023\/03\/Artboard-1-8-758x520-1.png","datePublished":"2023-03-18T15:04:52+00:00","dateModified":"2023-05-10T09:04:01+00:00","breadcrumb":{"@id":"https:\/\/premiumresidence.mk\/al\/investitoret\/#breadcrumb"},"inLanguage":"sq","potentialAction":[{"@type":"ReadAction","target":["https:\/\/premiumresidence.mk\/al\/investitoret\/"]}]},{"@type":"ImageObject","inLanguage":"sq","@id":"https:\/\/premiumresidence.mk\/al\/investitoret\/#primaryimage","url":"https:\/\/premium.roitiv.com\/wp-content\/uploads\/2023\/03\/Artboard-1-8-758x520-1.png","contentUrl":"https:\/\/premium.roitiv.com\/wp-content\/uploads\/2023\/03\/Artboard-1-8-758x520-1.png"},{"@type":"BreadcrumbList","@id":"https:\/\/premiumresidence.mk\/al\/investitoret\/#breadcrumb","itemListElement":[{"@type":"ListItem","position":1,"name":"Ballina","item":"https:\/\/premiumresidence.mk\/"},{"@type":"ListItem","position":2,"name":"Investitor\u00ebt"}]},{"@type":"WebSite","@id":"https:\/\/premiumresidence.mk\/al\/#website","url":"https:\/\/premiumresidence.mk\/al\/","name":"Premium Residence","description":"Kompleks prestigjoz","publisher":{"@id":"https:\/\/premiumresidence.mk\/al\/#organization"},"potentialAction":[{"@type":"SearchAction","target":{"@type":"EntryPoint","urlTemplate":"https:\/\/premiumresidence.mk\/al\/?s={search_term_string}"},"query-input":{"@type":"PropertyValueSpecification","valueRequired":true,"valueName":"search_term_string"}}],"inLanguage":"sq"},{"@type":"Organization","@id":"https:\/\/premiumresidence.mk\/al\/#organization","name":"Premium Residence","url":"https:\/\/premiumresidence.mk\/al\/","logo":{"@type":"ImageObject","inLanguage":"sq","@id":"https:\/\/premiumresidence.mk\/al\/#\/schema\/logo\/image\/","url":"https:\/\/premiumresidence.mk\/wp-content\/uploads\/2023\/03\/cropped-cropped-Untitled-2-01-1.png","contentUrl":"https:\/\/premiumresidence.mk\/wp-content\/uploads\/2023\/03\/cropped-cropped-Untitled-2-01-1.png","width":511,"height":233,"caption":"Premium Residence"},"image":{"@id":"https:\/\/premiumresidence.mk\/al\/#\/schema\/logo\/image\/"}}]}},"_links":{"self":[{"href":"https:\/\/premiumresidence.mk\/al\/wp-json\/wp\/v2\/pages\/1525","targetHints":{"allow":["GET"]}}],"collection":[{"href":"https:\/\/premiumresidence.mk\/al\/wp-json\/wp\/v2\/pages"}],"about":[{"href":"https:\/\/premiumresidence.mk\/al\/wp-json\/wp\/v2\/types\/page"}],"author":[{"embeddable":true,"href":"https:\/\/premiumresidence.mk\/al\/wp-json\/wp\/v2\/users\/1"}],"replies":[{"embeddable":true,"href":"https:\/\/premiumresidence.mk\/al\/wp-json\/wp\/v2\/comments?post=1525"}],"version-history":[{"count":259,"href":"https:\/\/premiumresidence.mk\/al\/wp-json\/wp\/v2\/pages\/1525\/revisions"}],"predecessor-version":[{"id":5745,"href":"https:\/\/premiumresidence.mk\/al\/wp-json\/wp\/v2\/pages\/1525\/revisions\/5745"}],"wp:attachment":[{"href":"https:\/\/premiumresidence.mk\/al\/wp-json\/wp\/v2\/media?parent=1525"}],"curies":[{"name":"wp","href":"https:\/\/api.w.org\/{rel}","templated":true}]}}